{"id":1246,"date":"2023-07-19T17:32:24","date_gmt":"2023-07-19T17:32:24","guid":{"rendered":"https:\/\/girniukas.lt\/?page_id=1246"},"modified":"2025-06-05T07:44:14","modified_gmt":"2025-06-05T07:44:14","slug":"hipoterapija","status":"publish","type":"page","link":"https:\/\/girniukas.lt\/en\/hipoterapija\/","title":{"rendered":"Hippotherapy"},"content":{"rendered":"<div data-elementor-type=\"wp-page\" data-elementor-id=\"1246\" class=\"elementor elementor-1246\">\n\t\t\t\t\t\t\t<div class=\"elementor-element elementor-element-44c8b7b e-flex e-con-boxed e-con\" data-id=\"44c8b7b\" data-element_type=\"container\" data-settings=\"{&quot;content_width&quot;:&quot;boxed&quot;}\">\n\t\t\t\t\t<div class=\"e-con-inner\">\n\t\t\t\t<div class=\"elementor-element elementor-element-f1c73bc elementor-widget elementor-widget-heading\" data-id=\"f1c73bc\" data-element_type=\"widget\" data-widget_type=\"heading.default\">\n\t\t\t\t<div class=\"elementor-widget-container\">\n\t\t\t<style>\/*! elementor - v3.14.0 - 26-06-2023 *\/\n.elementor-heading-title{padding:0;margin:0;line-height:1}.elementor-widget-heading .elementor-heading-title[class*=elementor-size-]>a{color:inherit;font-size:inherit;line-height:inherit}.elementor-widget-heading .elementor-heading-title.elementor-size-small{font-size:15px}.elementor-widget-heading .elementor-heading-title.elementor-size-medium{font-size:19px}.elementor-widget-heading .elementor-heading-title.elementor-size-large{font-size:29px}.elementor-widget-heading .elementor-heading-title.elementor-size-xl{font-size:39px}.elementor-widget-heading .elementor-heading-title.elementor-size-xxl{font-size:59px}<\/style><h2 class=\"elementor-heading-title elementor-size-default\">Hippotherapy<\/h2>\t\t<\/div>\n\t\t\t\t<\/div>\n\t\t\t\t\t<\/div>\n\t\t\t\t<\/div>\n\t\t<div class=\"elementor-element elementor-element-79cfd5c e-flex e-con-boxed e-con\" data-id=\"79cfd5c\" data-element_type=\"container\" data-settings=\"{&quot;content_width&quot;:&quot;boxed&quot;}\">\n\t\t\t\t\t<div class=\"e-con-inner\">\n\t\t\t\t<div class=\"elementor-element elementor-element-7bbbb4e elementor-widget elementor-widget-image\" data-id=\"7bbbb4e\" data-element_type=\"widget\" data-widget_type=\"image.default\">\n\t\t\t\t<div class=\"elementor-widget-container\">\n\t\t\t<style>\/*! elementor - v3.14.0 - 26-06-2023 *\/\n.elementor-widget-image{text-align:center}.elementor-widget-image a{display:inline-block}.elementor-widget-image a img[src$=\".svg\"]{width:48px}.elementor-widget-image img{vertical-align:middle;display:inline-block}<\/style>\t\t\t\t\t\t\t\t\t\t\t\t<img decoding=\"async\" width=\"1024\" height=\"1024\" src=\"https:\/\/girniukas.lt\/wp-content\/uploads\/2023\/07\/Girniukas-Gedvinas-Tamosaitis-1024x1024.jpg\" class=\"attachment-large size-large wp-image-650\" alt=\"Galerija Girniukas\" loading=\"lazy\" srcset=\"https:\/\/girniukas.lt\/wp-content\/uploads\/2023\/07\/Girniukas-Gedvinas-Tamosaitis-1024x1024.jpg 1024w, https:\/\/girniukas.lt\/wp-content\/uploads\/2023\/07\/Girniukas-Gedvinas-Tamosaitis-300x300.jpg 300w, https:\/\/girniukas.lt\/wp-content\/uploads\/2023\/07\/Girniukas-Gedvinas-Tamosaitis-150x150.jpg 150w, https:\/\/girniukas.lt\/wp-content\/uploads\/2023\/07\/Girniukas-Gedvinas-Tamosaitis-768x768.jpg 768w, https:\/\/girniukas.lt\/wp-content\/uploads\/2023\/07\/Girniukas-Gedvinas-Tamosaitis-100x100.jpg 100w\" sizes=\"(max-width: 1024px) 100vw, 1024px\" \/>\t\t\t\t\t\t\t\t\t\t\t\t\t\t\t<\/div>\n\t\t\t\t<\/div>\n\t\t\t\t<div class=\"elementor-element elementor-element-e219138 elementor-widget elementor-widget-text-editor\" data-id=\"e219138\" data-element_type=\"widget\" data-widget_type=\"text-editor.default\">\n\t\t\t\t<div class=\"elementor-widget-container\">\n\t\t\t<style>\/*! elementor - v3.14.0 - 26-06-2023 *\/\n.elementor-widget-text-editor.elementor-drop-cap-view-stacked .elementor-drop-cap{background-color:#69727d;color:#fff}.elementor-widget-text-editor.elementor-drop-cap-view-framed .elementor-drop-cap{color:#69727d;border:3px solid;background-color:transparent}.elementor-widget-text-editor:not(.elementor-drop-cap-view-default) .elementor-drop-cap{margin-top:8px}.elementor-widget-text-editor:not(.elementor-drop-cap-view-default) .elementor-drop-cap-letter{width:1em;height:1em}.elementor-widget-text-editor .elementor-drop-cap{float:left;text-align:center;line-height:1;font-size:50px}.elementor-widget-text-editor .elementor-drop-cap-letter{display:inline-block}<\/style>\t\t\t\t<p><strong>Hippotherapy<\/strong> - a method of treatment based on the unique movement of the horse in three planes. During the therapy, the horse and its movements help the person to discover new possibilities of movement and perception. This method has a positive effect on the patient's health and physical condition, changes are observed in motor, psychological and social areas.<\/p><p>Hipporetapy can be applied to individuals with movement, communication, cognitive and sensorimotor disorders, as well as those who complain of impaired balance and coordination, poor posture.<\/p><p>Hippotherapy is widely used for children with developmental delays, cerebral palsy, autism, irregular posture, adults with multiple sclerosis, depression, stroke, head injury, etc.<\/p><p>As the diagnosis, functional abilities and experience of hippotherapy patients are different, so are the time and nature of the session. The duration of the lesson is from 10 to 45 minutes. and even hours.<\/p><p>Depending on the nature of the session, its duration and the number of specialists, the price varies from <a href=\"https:\/\/girniukas.lt\/index.php\/paslaugos\/\">25 iki 35 Eur<\/a>.<\/p>\t\t\t\t\t\t<\/div>\n\t\t\t\t<\/div>\n\t\t\t\t\t<\/div>\n\t\t\t\t<\/div>\n\t\t<div class=\"elementor-element elementor-element-b3b9b0c e-flex e-con-boxed e-con\" data-id=\"b3b9b0c\" data-element_type=\"container\" data-settings=\"{&quot;content_width&quot;:&quot;boxed&quot;}\">\n\t\t\t\t\t<div class=\"e-con-inner\">\n\t\t\t\t<div class=\"elementor-element elementor-element-78112eb elementor-widget elementor-widget-text-editor\" data-id=\"78112eb\" data-element_type=\"widget\" data-widget_type=\"text-editor.default\">\n\t\t\t\t<div class=\"elementor-widget-container\">\n\t\t\t\t\t\t\t<p>Lorem ipsum dolor sit amet, consectetur adipiscing elit. Ut elit tellus, luctus nec ullamcorper mattis, pulvinar dapibus leo.<\/p>\t\t\t\t\t\t<\/div>\n\t\t\t\t<\/div>\n\t\t\t\t\t<\/div>\n\t\t\t\t<\/div>\n\t\t\t\t\t\t\t<\/div>","protected":false},"excerpt":{"rendered":"<p>Hipoterapija \u2013 gydymo b\u016bdas, paremtas unikaliu \u017eirgo judesiu trijose plok\u0161tumose. Terapijos metu \u017eirgas, jo judesiai padeda \u017emogui atrasti nauj\u0173 jud\u0117jimo ir suvokimo galimybi\u0173. \u0160is metodas teigiamai veikia paciento sveikat\u0105 ir fizin\u0119 b\u016bkl\u0119, poky\u010diai pastebimi motorikos, psichologijos ir socialin\u0117se srityse.<\/p>","protected":false},"author":1,"featured_media":650,"parent":0,"menu_order":0,"comment_status":"closed","ping_status":"closed","template":"","meta":{"_mi_skip_tracking":false,"_monsterinsights_sitenote_active":false,"_monsterinsights_sitenote_note":"","_monsterinsights_sitenote_category":0},"yoast_head":"<!-- This site is optimized with the Yoast SEO Premium plugin v20.10 (Yoast SEO v20.10) - https:\/\/yoast.com\/wordpress\/plugins\/seo\/ -->\n<title>Hipoterapija | Girniukas<\/title>\n<meta name=\"description\" content=\"Hipoterapija \u2013 gydymo b\u016bdas, paremtas unikaliu \u017eirgo judesiu trijose plok\u0161tumose. Terapijos metu \u017eirgas, jo judesiai padeda \u017emogui atrasti nauj\u0173 jud\u0117jimo ir suvokimo galimybi\u0173. \u0160is metodas teigiamai veikia paciento sveikat\u0105 ir fizin\u0119 b\u016bkl\u0119, poky\u010diai pastebimi motorikos, psichologijos ir socialin\u0117se srityse.\" \/>\n<meta name=\"robots\" content=\"index, follow, max-snippet:-1, max-image-preview:large, max-video-preview:-1\" \/>\n<link rel=\"canonical\" href=\"https:\/\/girniukas.lt\/en\/hipoterapija\/\" \/>\n<meta property=\"og:locale\" content=\"en_US\" \/>\n<meta property=\"og:type\" content=\"article\" \/>\n<meta property=\"og:title\" content=\"Hipoterapija\" \/>\n<meta property=\"og:description\" content=\"Hipoterapija \u2013 gydymo b\u016bdas, paremtas unikaliu \u017eirgo judesiu trijose plok\u0161tumose. Terapijos metu \u017eirgas, jo judesiai padeda \u017emogui atrasti nauj\u0173 jud\u0117jimo ir suvokimo galimybi\u0173. \u0160is metodas teigiamai veikia paciento sveikat\u0105 ir fizin\u0119 b\u016bkl\u0119, poky\u010diai pastebimi motorikos, psichologijos ir socialin\u0117se srityse.\" \/>\n<meta property=\"og:url\" content=\"https:\/\/girniukas.lt\/en\/hipoterapija\/\" \/>\n<meta property=\"og:site_name\" content=\"Girniukas\" \/>\n<meta property=\"article:modified_time\" content=\"2025-06-05T07:44:14+00:00\" \/>\n<meta property=\"og:image\" content=\"http:\/\/girniukas.lt\/wp-content\/uploads\/2023\/07\/Girniukas-Gedvinas-Tamosaitis.jpg\" \/>\n\t<meta property=\"og:image:width\" content=\"2048\" \/>\n\t<meta property=\"og:image:height\" content=\"1365\" \/>\n\t<meta property=\"og:image:type\" content=\"image\/jpeg\" \/>\n<meta name=\"twitter:card\" content=\"summary_large_image\" \/>\n<meta name=\"twitter:label1\" content=\"Est. reading time\" \/>\n\t<meta name=\"twitter:data1\" content=\"1 minute\" \/>\n<script type=\"application\/ld+json\" class=\"yoast-schema-graph\">{\"@context\":\"https:\/\/schema.org\",\"@graph\":[{\"@type\":\"WebPage\",\"@id\":\"https:\/\/girniukas.lt\/hipoterapija\/\",\"url\":\"https:\/\/girniukas.lt\/hipoterapija\/\",\"name\":\"Hipoterapija | Girniukas\",\"isPartOf\":{\"@id\":\"https:\/\/girniukas.lt\/#website\"},\"datePublished\":\"2023-07-19T17:32:24+00:00\",\"dateModified\":\"2025-06-05T07:44:14+00:00\",\"description\":\"Hipoterapija \u2013 gydymo b\u016bdas, paremtas unikaliu \u017eirgo judesiu trijose plok\u0161tumose. Terapijos metu \u017eirgas, jo judesiai padeda \u017emogui atrasti nauj\u0173 jud\u0117jimo ir suvokimo galimybi\u0173. \u0160is metodas teigiamai veikia paciento sveikat\u0105 ir fizin\u0119 b\u016bkl\u0119, poky\u010diai pastebimi motorikos, psichologijos ir socialin\u0117se srityse.\",\"breadcrumb\":{\"@id\":\"https:\/\/girniukas.lt\/hipoterapija\/#breadcrumb\"},\"inLanguage\":\"en-US\",\"potentialAction\":[{\"@type\":\"ReadAction\",\"target\":[\"https:\/\/girniukas.lt\/hipoterapija\/\"]}]},{\"@type\":\"BreadcrumbList\",\"@id\":\"https:\/\/girniukas.lt\/hipoterapija\/#breadcrumb\",\"itemListElement\":[{\"@type\":\"ListItem\",\"position\":1,\"name\":\"Home\",\"item\":\"https:\/\/girniukas.lt\/\"},{\"@type\":\"ListItem\",\"position\":2,\"name\":\"Hipoterapija\"}]},{\"@type\":\"WebSite\",\"@id\":\"https:\/\/girniukas.lt\/#website\",\"url\":\"https:\/\/girniukas.lt\/\",\"name\":\"Girniukas\",\"description\":\"Jojimo Mokykla ir \u017dirgynas Kurtuv\u0117nuose\",\"publisher\":{\"@id\":\"https:\/\/girniukas.lt\/#organization\"},\"potentialAction\":[{\"@type\":\"SearchAction\",\"target\":{\"@type\":\"EntryPoint\",\"urlTemplate\":\"https:\/\/girniukas.lt\/?s={search_term_string}\"},\"query-input\":\"required name=search_term_string\"}],\"inLanguage\":\"en-US\"},{\"@type\":\"Organization\",\"@id\":\"https:\/\/girniukas.lt\/#organization\",\"name\":\"Girniukas\",\"url\":\"https:\/\/girniukas.lt\/\",\"logo\":{\"@type\":\"ImageObject\",\"inLanguage\":\"en-US\",\"@id\":\"https:\/\/girniukas.lt\/#\/schema\/logo\/image\/\",\"url\":\"https:\/\/girniukas.lt\/wp-content\/uploads\/2023\/07\/cropped-cropped-Girniuko-logo2.png\",\"contentUrl\":\"https:\/\/girniukas.lt\/wp-content\/uploads\/2023\/07\/cropped-cropped-Girniuko-logo2.png\",\"width\":614,\"height\":526,\"caption\":\"Girniukas\"},\"image\":{\"@id\":\"https:\/\/girniukas.lt\/#\/schema\/logo\/image\/\"}}]}<\/script>\n<!-- \/ Yoast SEO Premium plugin. -->","yoast_head_json":{"title":"Hipoterapija | Girniukas","description":"Hipoterapija \u2013 gydymo b\u016bdas, paremtas unikaliu \u017eirgo judesiu trijose plok\u0161tumose. Terapijos metu \u017eirgas, jo judesiai padeda \u017emogui atrasti nauj\u0173 jud\u0117jimo ir suvokimo galimybi\u0173. \u0160is metodas teigiamai veikia paciento sveikat\u0105 ir fizin\u0119 b\u016bkl\u0119, poky\u010diai pastebimi motorikos, psichologijos ir socialin\u0117se srityse.","robots":{"index":"index","follow":"follow","max-snippet":"max-snippet:-1","max-image-preview":"max-image-preview:large","max-video-preview":"max-video-preview:-1"},"canonical":"https:\/\/girniukas.lt\/en\/hipoterapija\/","og_locale":"en_US","og_type":"article","og_title":"Hipoterapija","og_description":"Hipoterapija \u2013 gydymo b\u016bdas, paremtas unikaliu \u017eirgo judesiu trijose plok\u0161tumose. Terapijos metu \u017eirgas, jo judesiai padeda \u017emogui atrasti nauj\u0173 jud\u0117jimo ir suvokimo galimybi\u0173. \u0160is metodas teigiamai veikia paciento sveikat\u0105 ir fizin\u0119 b\u016bkl\u0119, poky\u010diai pastebimi motorikos, psichologijos ir socialin\u0117se srityse.","og_url":"https:\/\/girniukas.lt\/en\/hipoterapija\/","og_site_name":"Girniukas","article_modified_time":"2025-06-05T07:44:14+00:00","og_image":[{"width":2048,"height":1365,"url":"http:\/\/girniukas.lt\/wp-content\/uploads\/2023\/07\/Girniukas-Gedvinas-Tamosaitis.jpg","type":"image\/jpeg"}],"twitter_card":"summary_large_image","twitter_misc":{"Est. reading time":"1 minute"},"schema":{"@context":"https:\/\/schema.org","@graph":[{"@type":"WebPage","@id":"https:\/\/girniukas.lt\/hipoterapija\/","url":"https:\/\/girniukas.lt\/hipoterapija\/","name":"Hipoterapija | Girniukas","isPartOf":{"@id":"https:\/\/girniukas.lt\/#website"},"datePublished":"2023-07-19T17:32:24+00:00","dateModified":"2025-06-05T07:44:14+00:00","description":"Hipoterapija \u2013 gydymo b\u016bdas, paremtas unikaliu \u017eirgo judesiu trijose plok\u0161tumose. Terapijos metu \u017eirgas, jo judesiai padeda \u017emogui atrasti nauj\u0173 jud\u0117jimo ir suvokimo galimybi\u0173. \u0160is metodas teigiamai veikia paciento sveikat\u0105 ir fizin\u0119 b\u016bkl\u0119, poky\u010diai pastebimi motorikos, psichologijos ir socialin\u0117se srityse.","breadcrumb":{"@id":"https:\/\/girniukas.lt\/hipoterapija\/#breadcrumb"},"inLanguage":"en-US","potentialAction":[{"@type":"ReadAction","target":["https:\/\/girniukas.lt\/hipoterapija\/"]}]},{"@type":"BreadcrumbList","@id":"https:\/\/girniukas.lt\/hipoterapija\/#breadcrumb","itemListElement":[{"@type":"ListItem","position":1,"name":"Home","item":"https:\/\/girniukas.lt\/"},{"@type":"ListItem","position":2,"name":"Hipoterapija"}]},{"@type":"WebSite","@id":"https:\/\/girniukas.lt\/#website","url":"https:\/\/girniukas.lt\/","name":"Girniukas","description":"Jojimo Mokykla ir \u017dirgynas Kurtuv\u0117nuose","publisher":{"@id":"https:\/\/girniukas.lt\/#organization"},"potentialAction":[{"@type":"SearchAction","target":{"@type":"EntryPoint","urlTemplate":"https:\/\/girniukas.lt\/?s={search_term_string}"},"query-input":"required name=search_term_string"}],"inLanguage":"en-US"},{"@type":"Organization","@id":"https:\/\/girniukas.lt\/#organization","name":"Girniukas","url":"https:\/\/girniukas.lt\/","logo":{"@type":"ImageObject","inLanguage":"en-US","@id":"https:\/\/girniukas.lt\/#\/schema\/logo\/image\/","url":"https:\/\/girniukas.lt\/wp-content\/uploads\/2023\/07\/cropped-cropped-Girniuko-logo2.png","contentUrl":"https:\/\/girniukas.lt\/wp-content\/uploads\/2023\/07\/cropped-cropped-Girniuko-logo2.png","width":614,"height":526,"caption":"Girniukas"},"image":{"@id":"https:\/\/girniukas.lt\/#\/schema\/logo\/image\/"}}]}},"_links":{"self":[{"href":"https:\/\/girniukas.lt\/en\/wp-json\/wp\/v2\/pages\/1246"}],"collection":[{"href":"https:\/\/girniukas.lt\/en\/wp-json\/wp\/v2\/pages"}],"about":[{"href":"https:\/\/girniukas.lt\/en\/wp-json\/wp\/v2\/types\/page"}],"author":[{"embeddable":true,"href":"https:\/\/girniukas.lt\/en\/wp-json\/wp\/v2\/users\/1"}],"replies":[{"embeddable":true,"href":"https:\/\/girniukas.lt\/en\/wp-json\/wp\/v2\/comments?post=1246"}],"version-history":[{"count":23,"href":"https:\/\/girniukas.lt\/en\/wp-json\/wp\/v2\/pages\/1246\/revisions"}],"predecessor-version":[{"id":1336,"href":"https:\/\/girniukas.lt\/en\/wp-json\/wp\/v2\/pages\/1246\/revisions\/1336"}],"wp:featuredmedia":[{"embeddable":true,"href":"https:\/\/girniukas.lt\/en\/wp-json\/wp\/v2\/media\/650"}],"wp:attachment":[{"href":"https:\/\/girniukas.lt\/en\/wp-json\/wp\/v2\/media?parent=1246"}],"curies":[{"name":"wp","href":"https:\/\/api.w.org\/{rel}","templated":true}]}}