{"id":366,"date":"2019-12-26T07:15:56","date_gmt":"2019-12-26T07:15:56","guid":{"rendered":"https:\/\/girniukas.lt\/index.php\/contact\/"},"modified":"2025-06-26T09:44:54","modified_gmt":"2025-06-26T09:44:54","slug":"kontaktai","status":"publish","type":"page","link":"https:\/\/girniukas.lt\/en\/kontaktai\/","title":{"rendered":"Contacts"},"content":{"rendered":"<div data-elementor-type=\"wp-page\" data-elementor-id=\"366\" class=\"elementor elementor-366\">\n\t\t\t\t\t\t\t\t\t<section class=\"elementor-section elementor-top-section elementor-element elementor-element-e1aae3b elementor-section-boxed elementor-section-height-default elementor-section-height-default\" data-id=\"e1aae3b\" data-element_type=\"section\" data-settings=\"{&quot;background_background&quot;:&quot;classic&quot;}\">\n\t\t\t\t\t\t<div class=\"elementor-container elementor-column-gap-wide\">\n\t\t\t\t\t<div class=\"aux-parallax-section elementor-column elementor-col-25 elementor-top-column elementor-element elementor-element-e26aca7\" data-id=\"e26aca7\" data-element_type=\"column\" data-settings=\"{&quot;background_background&quot;:&quot;classic&quot;}\">\n\t\t\t<div class=\"elementor-widget-wrap elementor-element-populated\">\n\t\t\t\t\t\t\t\t<div class=\"elementor-element elementor-element-5014d93 aux-appear-watch-animation aux-fade-in-right-1 elementor-widget elementor-widget-aux_text\" data-id=\"5014d93\" data-element_type=\"widget\" data-widget_type=\"aux_text.default\">\n\t\t\t\t<div class=\"elementor-widget-container\">\n\t\t\t<section class=\"widget-container aux-widget-text aux-parent-au64de9165\">        <div class=\"aux-widget-advanced-text aux-wrap-style-simple aux-ico-pos-top aux-text-center aux-text-resp- aux-text-color-dark aux-text-widget-bg-center\" >\n        \n                            <div class=\"aux-text-widget-header\"  >\n                        <div class=\"aux-ico-box aux-ico-large aux-ico-shape-circle aux-ico-clear\">\n                                                            <span class=\"aux-ico auxicon-map-pin-streamline\" > <\/span>\n                                                    <\/div>\n                <\/div>\n            \n            <div class=\"aux-text-inner aux-text-widget-content\">\n                                <h4 class=\"col-title\">Find us<\/h4>\n                                <div class=\"widget-content\">\n                                        <p><a href=\"https:\/\/goo.gl\/maps\/rgdoPczHArHhXN6j8\">Parko st., 80223 Kurtuv\u0117nai, Lithuania<\/a><\/p><p>\u017dvej\u0173 st. 2<\/p>                <\/div>\n                            <\/div>\n        <\/div>\n                    <div class=\"aux-text-widget-footer\">\n                <div class=\"aux-border-shape-none\">\n                                <\/div>\n            <\/div>\n        \n<\/section><!-- widget-container -->\t\t<\/div>\n\t\t\t\t<\/div>\n\t\t\t\t\t<\/div>\n\t\t<\/div>\n\t\t\t\t<div class=\"aux-parallax-section elementor-column elementor-col-25 elementor-top-column elementor-element elementor-element-dc28e27\" data-id=\"dc28e27\" data-element_type=\"column\">\n\t\t\t<div class=\"elementor-widget-wrap elementor-element-populated\">\n\t\t\t\t\t\t\t\t<div class=\"elementor-element elementor-element-64ac072 aux-appear-watch-animation aux-fade-in-right-1 elementor-widget elementor-widget-aux_text\" data-id=\"64ac072\" data-element_type=\"widget\" data-widget_type=\"aux_text.default\">\n\t\t\t\t<div class=\"elementor-widget-container\">\n\t\t\t<section class=\"widget-container aux-widget-text aux-parent-au2776d054\">        <div class=\"aux-widget-advanced-text aux-wrap-style-simple aux-ico-pos-top aux-text-center aux-text-resp- aux-text-color-dark aux-text-widget-bg-center\" >\n        \n                            <div class=\"aux-text-widget-header\"  >\n                        <div class=\"aux-ico-box aux-ico-large aux-ico-shape-circle aux-ico-clear\">\n                                                            <span class=\"aux-ico auxicon-iphone-streamline\" > <\/span>\n                                                    <\/div>\n                <\/div>\n            \n            <div class=\"aux-text-inner aux-text-widget-content\">\n                                <h4 class=\"col-title\">Phone number<\/h4>\n                                <div class=\"widget-content\">\n                                        <p><a href=\"tel:+37064033444\">+370 640 33444<\/a><\/p><p><strong>Hippotherapy center:<\/strong><\/p><p><a href=\"tel: +370 682 30745\">+370 6871841<\/a><\/p>                <\/div>\n                            <\/div>\n        <\/div>\n                    <div class=\"aux-text-widget-footer\">\n                <div class=\"aux-border-shape-none\">\n                                <\/div>\n            <\/div>\n        \n<\/section><!-- widget-container -->\t\t<\/div>\n\t\t\t\t<\/div>\n\t\t\t\t\t<\/div>\n\t\t<\/div>\n\t\t\t\t<div class=\"aux-parallax-section elementor-column elementor-col-25 elementor-top-column elementor-element elementor-element-766972c\" data-id=\"766972c\" data-element_type=\"column\">\n\t\t\t<div class=\"elementor-widget-wrap elementor-element-populated\">\n\t\t\t\t\t\t\t\t<div class=\"elementor-element elementor-element-5ce507f aux-appear-watch-animation aux-fade-in-right-1 elementor-widget__width-initial elementor-widget elementor-widget-aux_text\" data-id=\"5ce507f\" data-element_type=\"widget\" data-widget_type=\"aux_text.default\">\n\t\t\t\t<div class=\"elementor-widget-container\">\n\t\t\t<section class=\"widget-container aux-widget-text aux-parent-aub216eca9\">        <div class=\"aux-widget-advanced-text aux-wrap-style-simple aux-ico-pos-top aux-text-center aux-text-resp- aux-text-color-dark aux-text-widget-bg-center\" >\n        \n                            <div class=\"aux-text-widget-header\"  >\n                        <div class=\"aux-ico-box aux-ico-large aux-ico-shape-circle aux-ico-clear\">\n                                                            <span class=\"aux-ico auxicon-ios-clock-outline\" > <\/span>\n                                                    <\/div>\n                <\/div>\n            \n            <div class=\"aux-text-inner aux-text-widget-content\">\n                                <h4 class=\"col-title\">Work hours<\/h4>\n                                <div class=\"widget-content\">\n                                        <p>Wed - Sunday<\/p><p>12:00 - 17:00<\/p>                <\/div>\n                            <\/div>\n        <\/div>\n                    <div class=\"aux-text-widget-footer\">\n                <div class=\"aux-border-shape-none\">\n                                <\/div>\n            <\/div>\n        \n<\/section><!-- widget-container -->\t\t<\/div>\n\t\t\t\t<\/div>\n\t\t\t\t\t<\/div>\n\t\t<\/div>\n\t\t\t\t<div class=\"aux-parallax-section elementor-column elementor-col-25 elementor-top-column elementor-element elementor-element-2184feb\" data-id=\"2184feb\" data-element_type=\"column\">\n\t\t\t<div class=\"elementor-widget-wrap elementor-element-populated\">\n\t\t\t\t\t\t\t\t<div class=\"elementor-element elementor-element-6665b60 aux-appear-watch-animation aux-fade-in-right-1 elementor-widget elementor-widget-aux_text\" data-id=\"6665b60\" data-element_type=\"widget\" data-widget_type=\"aux_text.default\">\n\t\t\t\t<div class=\"elementor-widget-container\">\n\t\t\t<section class=\"widget-container aux-widget-text aux-parent-au204fa8ad\">        <div class=\"aux-widget-advanced-text aux-wrap-style-simple aux-ico-pos-top aux-text-center aux-text-resp- aux-text-color-dark aux-text-widget-bg-center\" >\n        \n                            <div class=\"aux-text-widget-header\"  >\n                        <div class=\"aux-ico-box aux-ico-large aux-ico-shape-circle aux-ico-clear\">\n                                                            <span class=\"aux-ico auxicon-mail\" > <\/span>\n                                                    <\/div>\n                <\/div>\n            \n            <div class=\"aux-text-inner aux-text-widget-content\">\n                                <h4 class=\"col-title\">E-Mail<\/h4>\n                                <div class=\"widget-content\">\n                                        <p><a href=\"mailto:girniukaskurtuvenai@gmail.com\">girniukaskurtuvenai@gmail.com<\/a><\/p><p>\u00a0<\/p>                <\/div>\n                            <\/div>\n        <\/div>\n                    <div class=\"aux-text-widget-footer\">\n                <div class=\"aux-border-shape-none\">\n                                <\/div>\n            <\/div>\n        \n<\/section><!-- widget-container -->\t\t<\/div>\n\t\t\t\t<\/div>\n\t\t\t\t\t<\/div>\n\t\t<\/div>\n\t\t\t\t\t\t\t<\/div>\n\t\t<\/section>\n\t\t\t\t<section class=\"elementor-section elementor-top-section elementor-element elementor-element-9f21528 elementor-section-boxed elementor-section-height-default elementor-section-height-default\" data-id=\"9f21528\" data-element_type=\"section\" data-settings=\"{&quot;background_background&quot;:&quot;classic&quot;}\">\n\t\t\t\t\t\t<div class=\"elementor-container elementor-column-gap-default\">\n\t\t\t\t\t<div class=\"aux-parallax-section elementor-column elementor-col-50 elementor-top-column elementor-element elementor-element-7852e2c\" data-id=\"7852e2c\" data-element_type=\"column\">\n\t\t\t<div class=\"elementor-widget-wrap elementor-element-populated\">\n\t\t\t\t\t\t\t\t<div class=\"elementor-element elementor-element-cca6f38 aux-appear-watch-animation aux-fade-in-up-1 elementor-widget elementor-widget-aux_modern_heading\" data-id=\"cca6f38\" data-element_type=\"widget\" data-widget_type=\"aux_modern_heading.default\">\n\t\t\t\t<div class=\"elementor-widget-container\">\n\t\t\t<section class=\"aux-widget-modern-heading\">\n            <div class=\"aux-widget-inner\"><h2 class=\"aux-modern-heading-primary\">SUSISIEKITE SU MUMIS<\/h2><h5 class=\"aux-modern-heading-secondary\"><span class=\"aux-head-highlight\">We are glad that you want to contact us and learn more about our stud farm \"Girniukas\". Share your question, comment or request and we will do our best to respond as soon as possible.<\/span><\/h5><\/div>\n        <\/section>\t\t<\/div>\n\t\t\t\t<\/div>\n\t\t\t\t<div class=\"elementor-element elementor-element-580c1e8 aux-appear-watch-animation aux-fade-in-up-1 elementor-widget elementor-widget-aux_icon_list\" data-id=\"580c1e8\" data-element_type=\"widget\" data-widget_type=\"aux_icon_list.default\">\n\t\t\t\t<div class=\"elementor-widget-container\">\n\t\t\t<section class=\"widget-container aux-widget-icon-list aux-parent-au19b8a6e7\" style=\"\" ><div class=\"widget-inner\"><div class=\"aux-widget-icon-list-inner\"><ul class=\"aux-icon-list-items aux-direction-horizontal\" ><li class=\"aux-icon-list-item aux-list-item-has-icon aux-icon-list-item-d50b495 elementor-repeater-item-d50b495\" ><a class=\"aux-icon-list-link\" href=\"https:\/\/www.facebook.com\/profile.php?id=100060058430119\" ><span class=\"aux-icon-list-icon auxicon-facebook\" ><\/span><\/a><\/li><li class=\"aux-icon-list-item aux-list-item-has-icon aux-icon-list-item-9e3a73f elementor-repeater-item-9e3a73f\" ><a class=\"aux-icon-list-link\" href=\"https:\/\/www.instagram.com\/girniukas\/\" ><span class=\"aux-icon-list-icon auxicon-instagram\" ><\/span><\/a><\/li><li class=\"aux-icon-list-item aux-list-item-has-icon aux-icon-list-item-6d23156 elementor-repeater-item-6d23156\" ><a class=\"aux-icon-list-link\" href=\"https:\/\/www.facebook.com\/gyvasiszirgomuziejus\" ><span class=\"aux-icon-list-icon auxicon-facebook\" ><\/span><\/a><\/li><\/ul><\/div><\/div><\/section><!-- widget-container -->\t\t<\/div>\n\t\t\t\t<\/div>\n\t\t\t\t<div class=\"elementor-element elementor-element-3c06836 elementor-widget elementor-widget-google_maps\" data-id=\"3c06836\" data-element_type=\"widget\" data-widget_type=\"google_maps.default\">\n\t\t\t\t<div class=\"elementor-widget-container\">\n\t\t\t<style>\/*! elementor - v3.14.0 - 26-06-2023 *\/\n.elementor-widget-google_maps .elementor-widget-container{overflow:hidden}.elementor-widget-google_maps .elementor-custom-embed{line-height:0}.elementor-widget-google_maps iframe{height:300px}<\/style>\t\t<div class=\"elementor-custom-embed\">\n\t\t\t<iframe loading=\"lazy\"\n\t\t\t\t\tsrc=\"https:\/\/maps.google.com\/maps?q=Gyvojo%20%C5%BEirgo%20muziejus&#038;t=m&#038;z=10&#038;output=embed&#038;iwloc=near\"\n\t\t\t\t\ttitle=\"Gyvojo \u017eirgo muziejus\"\n\t\t\t\t\taria-label=\"Gyvojo \u017eirgo muziejus\"\n\t\t\t><\/iframe>\n\t\t<\/div>\n\t\t\t\t<\/div>\n\t\t\t\t<\/div>\n\t\t\t\t\t<\/div>\n\t\t<\/div>\n\t\t\t\t<div class=\"aux-parallax-section elementor-column elementor-col-50 elementor-top-column elementor-element elementor-element-046f933\" data-id=\"046f933\" data-element_type=\"column\">\n\t\t\t<div class=\"elementor-widget-wrap elementor-element-populated\">\n\t\t\t\t\t\t\t\t<div class=\"elementor-element elementor-element-d9315ae aux-appear-watch-animation aux-fade-in-up-1 elementor-widget elementor-widget-aux_contact_form\" data-id=\"d9315ae\" data-element_type=\"widget\" data-widget_type=\"aux_contact_form.default\">\n\t\t\t\t<div class=\"elementor-widget-container\">\n\t\t\t<section class=\"widget-container aux-widget-contact-form aux-parent-au650f8d90\">            <div class=\"aux-col-wrapper aux-no-gutter\">\n            <!-- @TODO - The output for element here -->\n\n            \n<div class=\"wpcf7 no-js\" id=\"wpcf7-f25-o1\" lang=\"en-GB\" dir=\"ltr\">\n<div class=\"screen-reader-response\"><p role=\"status\" aria-live=\"polite\" aria-atomic=\"true\"><\/p> <ul><\/ul><\/div>\n<form action=\"\/en\/wp-json\/wp\/v2\/pages\/366#wpcf7-f25-o1\" method=\"post\" class=\"wpcf7-form init\" aria-label=\"Contact form\" novalidate=\"novalidate\" data-status=\"init\" data-trp-original-action=\"\/en\/wp-json\/wp\/v2\/pages\/366#wpcf7-f25-o1\">\n<div style=\"display: none;\">\n<input type=\"hidden\" name=\"_wpcf7\" value=\"25\" \/>\n<input type=\"hidden\" name=\"_wpcf7_version\" value=\"5.7.7\" \/>\n<input type=\"hidden\" name=\"_wpcf7_locale\" value=\"en_GB\" \/>\n<input type=\"hidden\" name=\"_wpcf7_unit_tag\" value=\"wpcf7-f25-o1\" \/>\n<input type=\"hidden\" name=\"_wpcf7_container_post\" value=\"0\" \/>\n<input type=\"hidden\" name=\"_wpcf7_posted_data_hash\" value=\"\" \/>\n<\/div>\n<p><label> Your name<br \/>\n<span class=\"wpcf7-form-control-wrap\" data-name=\"your-name\"><input size=\"40\" class=\"wpcf7-form-control wpcf7-text wpcf7-validates-as-required\" autocomplete=\"name\" aria-required=\"true\" aria-invalid=\"false\" value=\"\" type=\"text\" name=\"your-name\" \/><\/span> <\/label>\n<\/p>\n<p><label> Your E-Mail<br \/>\n<span class=\"wpcf7-form-control-wrap\" data-name=\"your-email\"><input size=\"40\" class=\"wpcf7-form-control wpcf7-text wpcf7-email wpcf7-validates-as-required wpcf7-validates-as-email\" autocomplete=\"email\" aria-required=\"true\" aria-invalid=\"false\" value=\"\" type=\"email\" name=\"your-email\" \/><\/span> <\/label>\n<\/p>\n<p><label> Topic<br \/>\n<span class=\"wpcf7-form-control-wrap\" data-name=\"your-subject\"><input size=\"40\" class=\"wpcf7-form-control wpcf7-text wpcf7-validates-as-required\" aria-required=\"true\" aria-invalid=\"false\" value=\"\" type=\"text\" name=\"your-subject\" \/><\/span> <\/label>\n<\/p>\n<p><label> Phone number<br \/>\n<span class=\"wpcf7-form-control-wrap\" data-name=\"tel-135\"><input size=\"40\" class=\"wpcf7-form-control wpcf7-text wpcf7-tel wpcf7-validates-as-required wpcf7-validates-as-tel\" aria-required=\"true\" aria-invalid=\"false\" value=\"\" type=\"tel\" name=\"tel-135\" \/><\/span> <\/label>\n<\/p>\n<p><label> Message (optional)<br \/>\n<span class=\"wpcf7-form-control-wrap\" data-name=\"your-message\"><textarea cols=\"40\" rows=\"10\" class=\"wpcf7-form-control wpcf7-textarea\" aria-invalid=\"false\" name=\"your-message\"><\/textarea><\/span> <\/label>\n<\/p>\n<p><input class=\"wpcf7-form-control has-spinner wpcf7-submit\" type=\"submit\" value=\"Submit\" \/>\n<\/p><div class=\"wpcf7-response-output\" aria-hidden=\"true\"><\/div>\n<input type=\"hidden\" name=\"trp-form-language\" value=\"en\"\/><\/form>\n<\/div>\n\n\n            <\/div><!-- aux-col-wrapper -->\n    <\/section><!-- widget-container -->\t\t<\/div>\n\t\t\t\t<\/div>\n\t\t\t\t\t<\/div>\n\t\t<\/div>\n\t\t\t\t\t\t\t<\/div>\n\t\t<\/section>\n\t\t\t\t<section class=\"elementor-section elementor-top-section elementor-element elementor-element-55613ac elementor-section-full_width elementor-section-height-default elementor-section-height-default\" data-id=\"55613ac\" data-element_type=\"section\">\n\t\t\t\t\t\t<div class=\"elementor-container elementor-column-gap-default\">\n\t\t\t\t\t<div class=\"aux-parallax-section elementor-column elementor-col-100 elementor-top-column elementor-element elementor-element-a1ec5bb\" data-id=\"a1ec5bb\" data-element_type=\"column\">\n\t\t\t<div class=\"elementor-widget-wrap elementor-element-populated\">\n\t\t\t\t\t\t<div class=\"elementor-element elementor-element-442e566 e-flex e-con-boxed e-con\" data-id=\"442e566\" data-element_type=\"container\" data-settings=\"{&quot;content_width&quot;:&quot;boxed&quot;}\">\n\t\t\t\t\t<div class=\"e-con-inner\">\n\t\t<div class=\"elementor-element elementor-element-c978497 e-flex e-con-boxed e-con\" data-id=\"c978497\" data-element_type=\"container\" data-settings=\"{&quot;content_width&quot;:&quot;boxed&quot;}\">\n\t\t\t\t\t<div class=\"e-con-inner\">\n\t\t\t\t\t<\/div>\n\t\t\t\t<\/div>\n\t\t\t\t\t<\/div>\n\t\t\t\t<\/div>\n\t\t\t\t\t<\/div>\n\t\t<\/div>\n\t\t\t\t\t\t\t<\/div>\n\t\t<\/section>\n\t\t\t\t\t\t\t<\/div>","protected":false},"excerpt":{"rendered":"<p>KUR MUS RASTI? Parko g., 80223 Kurtuv\u0117nai, Lietuva \u017dvej\u0173 g. 2 Tel. Numeris +370 640 33444 Hipoterapijos centras +370 6871841 DARBO VALANDOS Tre\u010d &#8211; Sekm 12:00 &#8211; 17:00 EL. PA\u0160TAS girniukaskurtuvenai@gmail.com \u00a0 SUSISIEKITE SU MUMIS D\u017eiaugiam\u0117s, kad norite susisiekti su mumis ir su\u017einoti daugiau apie m\u016bs\u0173 \u017eirgyn\u0105 &#8222;Girniukas&#8221;. Pasidalinkite savo klausimu, komentaru ar u\u017eklausa, ir [&hellip;]<\/p>","protected":false},"author":1,"featured_media":0,"parent":0,"menu_order":0,"comment_status":"closed","ping_status":"closed","template":"templates\/page-builder-content.php","meta":{"_mi_skip_tracking":false,"_monsterinsights_sitenote_active":false,"_monsterinsights_sitenote_note":"","_monsterinsights_sitenote_category":0},"yoast_head":"<!-- This site is optimized with the Yoast SEO Premium plugin v20.10 (Yoast SEO v20.10) - https:\/\/yoast.com\/wordpress\/plugins\/seo\/ -->\n<title>Kontaktai - Girniukas<\/title>\n<meta name=\"robots\" content=\"index, follow, max-snippet:-1, max-image-preview:large, max-video-preview:-1\" \/>\n<link rel=\"canonical\" href=\"https:\/\/girniukas.lt\/en\/kontaktai\/\" \/>\n<meta property=\"og:locale\" content=\"en_US\" \/>\n<meta property=\"og:type\" content=\"article\" \/>\n<meta property=\"og:title\" content=\"Kontaktai\" \/>\n<meta property=\"og:description\" content=\"KUR MUS RASTI? Parko g., 80223 Kurtuv\u0117nai, Lietuva \u017dvej\u0173 g. 2 Tel. Numeris +370 640 33444 Hipoterapijos centras +370 6871841 DARBO VALANDOS Tre\u010d &#8211; Sekm 12:00 &#8211; 17:00 EL. PA\u0160TAS girniukaskurtuvenai@gmail.com \u00a0 SUSISIEKITE SU MUMIS D\u017eiaugiam\u0117s, kad norite susisiekti su mumis ir su\u017einoti daugiau apie m\u016bs\u0173 \u017eirgyn\u0105 &#8222;Girniukas&#8221;. Pasidalinkite savo klausimu, komentaru ar u\u017eklausa, ir [&hellip;]\" \/>\n<meta property=\"og:url\" content=\"https:\/\/girniukas.lt\/en\/kontaktai\/\" \/>\n<meta property=\"og:site_name\" content=\"Girniukas\" \/>\n<meta property=\"article:modified_time\" content=\"2025-06-26T09:44:54+00:00\" \/>\n<meta name=\"twitter:card\" content=\"summary_large_image\" \/>\n<meta name=\"twitter:label1\" content=\"Est. reading time\" \/>\n\t<meta name=\"twitter:data1\" content=\"1 minute\" \/>\n<script type=\"application\/ld+json\" class=\"yoast-schema-graph\">{\"@context\":\"https:\/\/schema.org\",\"@graph\":[{\"@type\":\"WebPage\",\"@id\":\"https:\/\/girniukas.lt\/kontaktai\/\",\"url\":\"https:\/\/girniukas.lt\/kontaktai\/\",\"name\":\"Kontaktai - Girniukas\",\"isPartOf\":{\"@id\":\"https:\/\/girniukas.lt\/#website\"},\"datePublished\":\"2019-12-26T07:15:56+00:00\",\"dateModified\":\"2025-06-26T09:44:54+00:00\",\"breadcrumb\":{\"@id\":\"https:\/\/girniukas.lt\/kontaktai\/#breadcrumb\"},\"inLanguage\":\"en-US\",\"potentialAction\":[{\"@type\":\"ReadAction\",\"target\":[\"https:\/\/girniukas.lt\/kontaktai\/\"]}]},{\"@type\":\"BreadcrumbList\",\"@id\":\"https:\/\/girniukas.lt\/kontaktai\/#breadcrumb\",\"itemListElement\":[{\"@type\":\"ListItem\",\"position\":1,\"name\":\"Home\",\"item\":\"https:\/\/girniukas.lt\/\"},{\"@type\":\"ListItem\",\"position\":2,\"name\":\"Kontaktai\"}]},{\"@type\":\"WebSite\",\"@id\":\"https:\/\/girniukas.lt\/#website\",\"url\":\"https:\/\/girniukas.lt\/\",\"name\":\"Girniukas\",\"description\":\"Jojimo Mokykla ir \u017dirgynas Kurtuv\u0117nuose\",\"publisher\":{\"@id\":\"https:\/\/girniukas.lt\/#organization\"},\"potentialAction\":[{\"@type\":\"SearchAction\",\"target\":{\"@type\":\"EntryPoint\",\"urlTemplate\":\"https:\/\/girniukas.lt\/?s={search_term_string}\"},\"query-input\":\"required name=search_term_string\"}],\"inLanguage\":\"en-US\"},{\"@type\":\"Organization\",\"@id\":\"https:\/\/girniukas.lt\/#organization\",\"name\":\"Girniukas\",\"url\":\"https:\/\/girniukas.lt\/\",\"logo\":{\"@type\":\"ImageObject\",\"inLanguage\":\"en-US\",\"@id\":\"https:\/\/girniukas.lt\/#\/schema\/logo\/image\/\",\"url\":\"https:\/\/girniukas.lt\/wp-content\/uploads\/2023\/07\/cropped-cropped-Girniuko-logo2.png\",\"contentUrl\":\"https:\/\/girniukas.lt\/wp-content\/uploads\/2023\/07\/cropped-cropped-Girniuko-logo2.png\",\"width\":614,\"height\":526,\"caption\":\"Girniukas\"},\"image\":{\"@id\":\"https:\/\/girniukas.lt\/#\/schema\/logo\/image\/\"}}]}<\/script>\n<!-- \/ Yoast SEO Premium plugin. -->","yoast_head_json":{"title":"Kontaktai - Girniukas","robots":{"index":"index","follow":"follow","max-snippet":"max-snippet:-1","max-image-preview":"max-image-preview:large","max-video-preview":"max-video-preview:-1"},"canonical":"https:\/\/girniukas.lt\/en\/kontaktai\/","og_locale":"en_US","og_type":"article","og_title":"Kontaktai","og_description":"KUR MUS RASTI? Parko g., 80223 Kurtuv\u0117nai, Lietuva \u017dvej\u0173 g. 2 Tel. Numeris +370 640 33444 Hipoterapijos centras +370 6871841 DARBO VALANDOS Tre\u010d &#8211; Sekm 12:00 &#8211; 17:00 EL. PA\u0160TAS girniukaskurtuvenai@gmail.com \u00a0 SUSISIEKITE SU MUMIS D\u017eiaugiam\u0117s, kad norite susisiekti su mumis ir su\u017einoti daugiau apie m\u016bs\u0173 \u017eirgyn\u0105 &#8222;Girniukas&#8221;. Pasidalinkite savo klausimu, komentaru ar u\u017eklausa, ir [&hellip;]","og_url":"https:\/\/girniukas.lt\/en\/kontaktai\/","og_site_name":"Girniukas","article_modified_time":"2025-06-26T09:44:54+00:00","twitter_card":"summary_large_image","twitter_misc":{"Est. reading time":"1 minute"},"schema":{"@context":"https:\/\/schema.org","@graph":[{"@type":"WebPage","@id":"https:\/\/girniukas.lt\/kontaktai\/","url":"https:\/\/girniukas.lt\/kontaktai\/","name":"Kontaktai - Girniukas","isPartOf":{"@id":"https:\/\/girniukas.lt\/#website"},"datePublished":"2019-12-26T07:15:56+00:00","dateModified":"2025-06-26T09:44:54+00:00","breadcrumb":{"@id":"https:\/\/girniukas.lt\/kontaktai\/#breadcrumb"},"inLanguage":"en-US","potentialAction":[{"@type":"ReadAction","target":["https:\/\/girniukas.lt\/kontaktai\/"]}]},{"@type":"BreadcrumbList","@id":"https:\/\/girniukas.lt\/kontaktai\/#breadcrumb","itemListElement":[{"@type":"ListItem","position":1,"name":"Home","item":"https:\/\/girniukas.lt\/"},{"@type":"ListItem","position":2,"name":"Kontaktai"}]},{"@type":"WebSite","@id":"https:\/\/girniukas.lt\/#website","url":"https:\/\/girniukas.lt\/","name":"Girniukas","description":"Jojimo Mokykla ir \u017dirgynas Kurtuv\u0117nuose","publisher":{"@id":"https:\/\/girniukas.lt\/#organization"},"potentialAction":[{"@type":"SearchAction","target":{"@type":"EntryPoint","urlTemplate":"https:\/\/girniukas.lt\/?s={search_term_string}"},"query-input":"required name=search_term_string"}],"inLanguage":"en-US"},{"@type":"Organization","@id":"https:\/\/girniukas.lt\/#organization","name":"Girniukas","url":"https:\/\/girniukas.lt\/","logo":{"@type":"ImageObject","inLanguage":"en-US","@id":"https:\/\/girniukas.lt\/#\/schema\/logo\/image\/","url":"https:\/\/girniukas.lt\/wp-content\/uploads\/2023\/07\/cropped-cropped-Girniuko-logo2.png","contentUrl":"https:\/\/girniukas.lt\/wp-content\/uploads\/2023\/07\/cropped-cropped-Girniuko-logo2.png","width":614,"height":526,"caption":"Girniukas"},"image":{"@id":"https:\/\/girniukas.lt\/#\/schema\/logo\/image\/"}}]}},"_links":{"self":[{"href":"https:\/\/girniukas.lt\/en\/wp-json\/wp\/v2\/pages\/366"}],"collection":[{"href":"https:\/\/girniukas.lt\/en\/wp-json\/wp\/v2\/pages"}],"about":[{"href":"https:\/\/girniukas.lt\/en\/wp-json\/wp\/v2\/types\/page"}],"author":[{"embeddable":true,"href":"https:\/\/girniukas.lt\/en\/wp-json\/wp\/v2\/users\/1"}],"replies":[{"embeddable":true,"href":"https:\/\/girniukas.lt\/en\/wp-json\/wp\/v2\/comments?post=366"}],"version-history":[{"count":64,"href":"https:\/\/girniukas.lt\/en\/wp-json\/wp\/v2\/pages\/366\/revisions"}],"predecessor-version":[{"id":1354,"href":"https:\/\/girniukas.lt\/en\/wp-json\/wp\/v2\/pages\/366\/revisions\/1354"}],"wp:attachment":[{"href":"https:\/\/girniukas.lt\/en\/wp-json\/wp\/v2\/media?parent=366"}],"curies":[{"name":"wp","href":"https:\/\/api.w.org\/{rel}","templated":true}]}}