{"id":369,"date":"2019-12-26T07:03:54","date_gmt":"2019-12-26T07:03:54","guid":{"rendered":"https:\/\/girniukas.lt\/index.php\/services\/"},"modified":"2025-09-13T16:51:37","modified_gmt":"2025-09-13T16:51:37","slug":"paslaugos","status":"publish","type":"page","link":"https:\/\/girniukas.lt\/en\/paslaugos\/","title":{"rendered":"Services"},"content":{"rendered":"<div data-elementor-type=\"wp-page\" data-elementor-id=\"369\" class=\"elementor elementor-369\">\n\t\t\t\t\t\t\t\t\t<section class=\"elementor-section elementor-top-section elementor-element elementor-element-f9f4f5d elementor-section-boxed elementor-section-height-default elementor-section-height-default\" data-id=\"f9f4f5d\" data-element_type=\"section\">\n\t\t\t\t\t\t<div class=\"elementor-container elementor-column-gap-default\">\n\t\t\t\t\t<div class=\"aux-parallax-section elementor-column elementor-col-100 elementor-top-column elementor-element elementor-element-e6b4684\" data-id=\"e6b4684\" data-element_type=\"column\">\n\t\t\t<div class=\"elementor-widget-wrap elementor-element-populated\">\n\t\t\t\t\t\t\t\t<div class=\"elementor-element elementor-element-bfd0906 aux-appear-watch-animation aux-fade-in-up-1 elementor-widget elementor-widget-aux_modern_heading\" data-id=\"bfd0906\" data-element_type=\"widget\" data-widget_type=\"aux_modern_heading.default\">\n\t\t\t\t<div class=\"elementor-widget-container\">\n\t\t\t<section class=\"aux-widget-modern-heading\">\n            <div class=\"aux-widget-inner\"><h2 class=\"aux-modern-heading-primary\">Our Services<\/h2><h3 class=\"aux-modern-heading-secondary\"><span class=\"aux-head-highlight\"> <\/span><\/h3><\/div>\n        <\/section>\t\t<\/div>\n\t\t\t\t<\/div>\n\t\t\t\t<div class=\"elementor-element elementor-element-45f06f4 elementor-widget elementor-widget-text-editor\" data-id=\"45f06f4\" data-element_type=\"widget\" data-widget_type=\"text-editor.default\">\n\t\t\t\t<div class=\"elementor-widget-container\">\n\t\t\t<style>\/*! elementor - v3.14.0 - 26-06-2023 *\/\n.elementor-widget-text-editor.elementor-drop-cap-view-stacked .elementor-drop-cap{background-color:#69727d;color:#fff}.elementor-widget-text-editor.elementor-drop-cap-view-framed .elementor-drop-cap{color:#69727d;border:3px solid;background-color:transparent}.elementor-widget-text-editor:not(.elementor-drop-cap-view-default) .elementor-drop-cap{margin-top:8px}.elementor-widget-text-editor:not(.elementor-drop-cap-view-default) .elementor-drop-cap-letter{width:1em;height:1em}.elementor-widget-text-editor .elementor-drop-cap{float:left;text-align:center;line-height:1;font-size:50px}.elementor-widget-text-editor .elementor-drop-cap-letter{display:inline-block}<\/style>\t\t\t\t<p>A riding school is located in the stables of the Kurtuv\u0117nai manor<strong>Girniukas<\/strong>invites you to spend your free time surrounded by nature and enjoy the company of horses. We are open to visitors and welcome everyone - from the youngest, who will not only get to know the horses here, but also be able to pet them, feed them, ride them, to adults who want to tame horses and feel the joy of riding.<\/p><p>Riding school \"Girniukas\" offers the following services:<\/p>\t\t\t\t\t\t<\/div>\n\t\t\t\t<\/div>\n\t\t\t\t\t<\/div>\n\t\t<\/div>\n\t\t\t\t\t\t\t<\/div>\n\t\t<\/section>\n\t\t\t\t<section class=\"elementor-section elementor-top-section elementor-element elementor-element-db11a42 elementor-section-content-space-between elementor-section-boxed elementor-section-height-default elementor-section-height-default\" data-id=\"db11a42\" data-element_type=\"section\" data-settings=\"{&quot;background_background&quot;:&quot;classic&quot;}\">\n\t\t\t\t\t\t<div class=\"elementor-container elementor-column-gap-extended\">\n\t\t\t\t\t<div class=\"aux-parallax-section elementor-column elementor-col-25 elementor-top-column elementor-element elementor-element-a08fa32\" data-id=\"a08fa32\" data-element_type=\"column\" data-settings=\"{&quot;background_background&quot;:&quot;classic&quot;}\">\n\t\t\t<div class=\"elementor-widget-wrap elementor-element-populated\">\n\t\t\t\t\t\t\t\t<div class=\"elementor-element elementor-element-b276439 aux-appear-watch-animation aux-fade-in-right-1 elementor-widget elementor-widget-aux_text\" data-id=\"b276439\" data-element_type=\"widget\" data-widget_type=\"aux_text.default\">\n\t\t\t\t<div class=\"elementor-widget-container\">\n\t\t\t<section class=\"widget-container aux-widget-text aux-parent-aub0587cac\">        <div class=\"aux-widget-advanced-text aux-wrap-style-simple aux-ico-pos-top aux-text-left aux-text-resp- aux-text-color-dark aux-text-widget-bg-center\" >\n        \n                            <div class=\"aux-text-widget-header\"  >\n                        <div class=\"aux-ico-box aux-ico-large aux-ico-shape-circle aux-ico-clear\">\n                                                            <span class=\"aux-ico fas fa-horse-head\" > <\/span>\n                                                    <\/div>\n                <\/div>\n            \n            <div class=\"aux-text-inner aux-text-widget-content\">\n                                <h4 class=\"col-title\">Stable<\/h4>\n                                <div class=\"widget-content\">\n                                        <ul><li><strong>Individual lesson: <span style=\"color: #ff0000;\">50 Eur<\/span><\/strong><\/li><li><strong>Riding without supervision: <span style=\"color: #ff0000;\">from 20 Eur<\/span><\/strong><\/li><li><strong>Riding in the field <span style=\"color: #ff0000;\">nuo 4 Eur<\/span><\/strong><\/li><li><strong>Riding School:<\/strong><\/li><li><strong>4 times\/month: <span style=\"color: #ff0000;\">100 Eur<\/span><\/strong><\/li><li><strong>8 times\/month: <span style=\"color: #ff0000;\">160 Eur<\/span><\/strong><\/li><li><strong>Hike with horses: <span style=\"color: #ff0000;\">60 Eur<\/span><\/strong><\/li><li><strong>Gardo nuoma: <span style=\"color: #ff0000;\">350<\/span> <span style=\"color: #ff0000;\">Eur\/m\u0117n<\/span><\/strong><\/li><\/ul>                <\/div>\n                            <\/div>\n        <\/div>\n                    <div class=\"aux-text-widget-footer\">\n                <div class=\"aux-border-shape-none\">\n                                <\/div>\n            <\/div>\n        \n<\/section><!-- widget-container -->\t\t<\/div>\n\t\t\t\t<\/div>\n\t\t\t\t\t<\/div>\n\t\t<\/div>\n\t\t\t\t<div class=\"aux-parallax-section elementor-column elementor-col-25 elementor-top-column elementor-element elementor-element-1643311\" data-id=\"1643311\" data-element_type=\"column\" data-settings=\"{&quot;background_background&quot;:&quot;classic&quot;}\">\n\t\t\t<div class=\"elementor-widget-wrap elementor-element-populated\">\n\t\t\t\t\t\t\t\t<div class=\"elementor-element elementor-element-2bfdf53 aux-appear-watch-animation aux-fade-in-right-1 elementor-widget elementor-widget-aux_text\" data-id=\"2bfdf53\" data-element_type=\"widget\" data-widget_type=\"aux_text.default\">\n\t\t\t\t<div class=\"elementor-widget-container\">\n\t\t\t<section class=\"widget-container aux-widget-text aux-parent-au08d145c5\">        <div class=\"aux-widget-advanced-text aux-wrap-style-simple aux-ico-pos-top aux-text-left aux-text-resp- aux-text-color-dark aux-text-widget-bg-center\" >\n        \n                            <div class=\"aux-text-widget-header\"  >\n                        <div class=\"aux-ico-box aux-ico-large aux-ico-shape-circle aux-ico-clear\">\n                                                            <span class=\"aux-ico auxicon auxicon-plus\" > <\/span>\n                                                    <\/div>\n                <\/div>\n            \n            <div class=\"aux-text-inner aux-text-widget-content\">\n                                <h4 class=\"col-title\"><a href=\"https:\/\/girniukas.lt\/index.php\/hipoterapija\/\">Hippotherapy center:<\/a><\/h4>\n                                <div class=\"widget-content\">\n                                        <p><strong>A horse gives the impression of a human gait;<\/strong><br \/><strong>\u2022 The horse reduces the limitation of movements;<\/strong><br \/><strong>\u2022 The horse reduces functional asymmetric muscle changes;<\/strong><br \/><strong>\u2022 The horse evokes positive feelings.<\/strong><\/p><p><strong>Kaina: <span style=\"color: #ff0000;\">nuo 25 iki 35 Eur\/seansui<\/span><\/strong><\/p><p><span style=\"color: #ff0000;\"><strong>Contact: <a style=\"color: #ff0000;\" href=\"tel: +370 682 30745\">+370 68721841<\/a><\/strong><\/span><\/p>                <\/div>\n                            <\/div>\n        <\/div>\n                    <div class=\"aux-text-widget-footer\">\n                <div class=\"aux-border-shape-none\">\n                                <\/div>\n            <\/div>\n        \n<\/section><!-- widget-container -->\t\t<\/div>\n\t\t\t\t<\/div>\n\t\t\t\t\t<\/div>\n\t\t<\/div>\n\t\t\t\t<div class=\"aux-parallax-section elementor-column elementor-col-25 elementor-top-column elementor-element elementor-element-5026600\" data-id=\"5026600\" data-element_type=\"column\" data-settings=\"{&quot;background_background&quot;:&quot;classic&quot;}\">\n\t\t\t<div class=\"elementor-widget-wrap elementor-element-populated\">\n\t\t\t\t\t\t\t\t<div class=\"elementor-element elementor-element-b15d98f aux-appear-watch-animation aux-fade-in-right-1 elementor-widget elementor-widget-aux_text\" data-id=\"b15d98f\" data-element_type=\"widget\" data-widget_type=\"aux_text.default\">\n\t\t\t\t<div class=\"elementor-widget-container\">\n\t\t\t<section class=\"widget-container aux-widget-text aux-parent-aueb2b5818\">        <div class=\"aux-widget-advanced-text aux-wrap-style-simple aux-ico-pos-top aux-text-left aux-text-resp- aux-text-color-dark aux-text-widget-bg-center\" >\n        \n                            <div class=\"aux-text-widget-header\"  >\n                        <div class=\"aux-ico-box aux-ico-large aux-ico-shape-circle aux-ico-clear\">\n                                                            <span class=\"aux-ico fas fa-horse\" > <\/span>\n                                                    <\/div>\n                <\/div>\n            \n            <div class=\"aux-text-inner aux-text-widget-content\">\n                                <h4 class=\"col-title\">Live Horse Museum<\/h4>\n                                <div class=\"widget-content\">\n                                        <ul><li><strong>Educations<\/strong><\/li><li><strong>Excursions<\/strong><\/li><li><strong>Museum<\/strong><\/li><li><strong>Carriage ride<\/strong><\/li><li><strong>15min - <span style=\"color: #ff0000;\">20<\/span> <span style=\"color: #ff0000;\">Eur<\/span><\/strong><\/li><li><strong>30min - <span style=\"color: #ff0000;\">40<\/span> <span style=\"color: #ff0000;\">Eur<\/span><\/strong><\/li><li><strong>60min - <span style=\"color: #ff0000;\">60 Eur<\/span><\/strong><\/li><li><strong>Foto session with horses: <span style=\"color: #ff0000;\">from 50 Eur<\/span><\/strong><\/li><\/ul>                <\/div>\n                            <\/div>\n        <\/div>\n                    <div class=\"aux-text-widget-footer\">\n                <div class=\"aux-border-shape-none\">\n                                <\/div>\n            <\/div>\n        \n<\/section><!-- widget-container -->\t\t<\/div>\n\t\t\t\t<\/div>\n\t\t\t\t\t<\/div>\n\t\t<\/div>\n\t\t\t\t<div class=\"aux-parallax-section elementor-column elementor-col-25 elementor-top-column elementor-element elementor-element-caaed4e\" data-id=\"caaed4e\" data-element_type=\"column\" data-settings=\"{&quot;background_background&quot;:&quot;classic&quot;}\">\n\t\t\t<div class=\"elementor-widget-wrap elementor-element-populated\">\n\t\t\t\t\t\t\t\t<div class=\"elementor-element elementor-element-33ac0a8 aux-appear-watch-animation aux-fade-in-right-1 elementor-widget elementor-widget-aux_text\" data-id=\"33ac0a8\" data-element_type=\"widget\" data-widget_type=\"aux_text.default\">\n\t\t\t\t<div class=\"elementor-widget-container\">\n\t\t\t<section class=\"widget-container aux-widget-text aux-parent-au6d3c10a4\">        <div class=\"aux-widget-advanced-text aux-wrap-style-simple aux-ico-pos-top aux-text-left aux-text-resp- aux-text-color-dark aux-text-widget-bg-center\" >\n        \n                            <div class=\"aux-text-widget-header\"  >\n                        <div class=\"aux-ico-box aux-ico-large aux-ico-shape-circle aux-ico-clear\">\n                                                            <span class=\"aux-ico fas fa-campground\" > <\/span>\n                                                    <\/div>\n                <\/div>\n            \n            <div class=\"aux-text-inner aux-text-widget-content\">\n                                <h4 class=\"col-title\">Horse Camp<\/h4>\n                                <div class=\"widget-content\">\n                                        <ul><li><strong>Accomodation<\/strong><\/li><li><strong>Well-groomed nature<\/strong><\/li><li><strong>Activities with horses<\/strong><\/li><\/ul><p><span style=\"color: #ff0000;\"><strong>Contact: <a style=\"color: #ff0000;\" href=\"tel: +370 682 30745\">+370 64033444<\/a><\/strong><\/span><\/p>                <\/div>\n                            <\/div>\n        <\/div>\n                    <div class=\"aux-text-widget-footer\">\n                <div class=\"aux-border-shape-none\">\n                                <\/div>\n            <\/div>\n        \n<\/section><!-- widget-container -->\t\t<\/div>\n\t\t\t\t<\/div>\n\t\t\t\t\t<\/div>\n\t\t<\/div>\n\t\t\t\t\t\t\t<\/div>\n\t\t<\/section>\n\t\t\t\t<section class=\"elementor-section elementor-top-section elementor-element elementor-element-ab0c6ec elementor-section-content-middle elementor-section-boxed elementor-section-height-default elementor-section-height-default\" data-id=\"ab0c6ec\" data-element_type=\"section\" data-settings=\"{&quot;background_background&quot;:&quot;classic&quot;}\">\n\t\t\t\t\t\t<div class=\"elementor-container elementor-column-gap-default\">\n\t\t\t\t\t<div class=\"aux-parallax-section elementor-column elementor-col-50 elementor-top-column elementor-element elementor-element-290b989\" data-id=\"290b989\" data-element_type=\"column\">\n\t\t\t<div class=\"elementor-widget-wrap\">\n\t\t\t\t\t\t\t\t\t<\/div>\n\t\t<\/div>\n\t\t\t\t<div class=\"aux-parallax-section elementor-column elementor-col-50 elementor-top-column elementor-element elementor-element-e667a10\" data-id=\"e667a10\" data-element_type=\"column\">\n\t\t\t<div class=\"elementor-widget-wrap\">\n\t\t\t\t\t\t\t\t\t<\/div>\n\t\t<\/div>\n\t\t\t\t\t\t\t<\/div>\n\t\t<\/section>\n\t\t\t\t\t\t\t<\/div>","protected":false},"excerpt":{"rendered":"<p>M\u016bs\u0173 Paslaugos Kurtuv\u0117n\u0173 dvaro \u017eirgyne \u012fsik\u016brusi jojimo mokykla \u201eGirniukas\u201c kvie\u010dia praleisti laisvalaik\u012f gamtos apsuptyje ir pasim\u0117gauti \u017eirg\u0173 draugija. Esame atviri lankytojams ir laukiame vis\u0173 \u2013 nuo pa\u010di\u0173 ma\u017eiausi\u0173, kurie \u010dia ne tik susipa\u017eins su \u017eirgais, bet ir gal\u0117s juos paglostyti, pamaitinti, pajodin\u0117ti, iki suaugusi\u0173j\u0173, norin\u010di\u0173 prisijaukinti \u017eirgus, pajusti jojimo d\u017eiaugsm\u0105. Jojimo mokykla \u201eGirniukas\u201c si\u016blo \u0161ias [&hellip;]<\/p>","protected":false},"author":1,"featured_media":0,"parent":0,"menu_order":0,"comment_status":"closed","ping_status":"closed","template":"templates\/page-builder-content.php","meta":{"_mi_skip_tracking":false,"_monsterinsights_sitenote_active":false,"_monsterinsights_sitenote_note":"","_monsterinsights_sitenote_category":0},"yoast_head":"<!-- This site is optimized with the Yoast SEO Premium plugin v20.10 (Yoast SEO v20.10) - https:\/\/yoast.com\/wordpress\/plugins\/seo\/ -->\n<title>Paslaugos - Girniukas<\/title>\n<meta name=\"robots\" content=\"index, follow, max-snippet:-1, max-image-preview:large, max-video-preview:-1\" \/>\n<link rel=\"canonical\" href=\"https:\/\/girniukas.lt\/en\/paslaugos\/\" \/>\n<meta property=\"og:locale\" content=\"en_US\" \/>\n<meta property=\"og:type\" content=\"article\" \/>\n<meta property=\"og:title\" content=\"Paslaugos\" \/>\n<meta property=\"og:description\" content=\"M\u016bs\u0173 Paslaugos Kurtuv\u0117n\u0173 dvaro \u017eirgyne \u012fsik\u016brusi jojimo mokykla \u201eGirniukas\u201c kvie\u010dia praleisti laisvalaik\u012f gamtos apsuptyje ir pasim\u0117gauti \u017eirg\u0173 draugija. Esame atviri lankytojams ir laukiame vis\u0173 \u2013 nuo pa\u010di\u0173 ma\u017eiausi\u0173, kurie \u010dia ne tik susipa\u017eins su \u017eirgais, bet ir gal\u0117s juos paglostyti, pamaitinti, pajodin\u0117ti, iki suaugusi\u0173j\u0173, norin\u010di\u0173 prisijaukinti \u017eirgus, pajusti jojimo d\u017eiaugsm\u0105. Jojimo mokykla \u201eGirniukas\u201c si\u016blo \u0161ias [&hellip;]\" \/>\n<meta property=\"og:url\" content=\"https:\/\/girniukas.lt\/en\/paslaugos\/\" \/>\n<meta property=\"og:site_name\" content=\"Girniukas\" \/>\n<meta property=\"article:modified_time\" content=\"2025-09-13T16:51:37+00:00\" \/>\n<meta name=\"twitter:card\" content=\"summary_large_image\" \/>\n<meta name=\"twitter:label1\" content=\"Est. reading time\" \/>\n\t<meta name=\"twitter:data1\" content=\"1 minute\" \/>\n<script type=\"application\/ld+json\" class=\"yoast-schema-graph\">{\"@context\":\"https:\/\/schema.org\",\"@graph\":[{\"@type\":\"WebPage\",\"@id\":\"https:\/\/girniukas.lt\/paslaugos\/\",\"url\":\"https:\/\/girniukas.lt\/paslaugos\/\",\"name\":\"Paslaugos - Girniukas\",\"isPartOf\":{\"@id\":\"https:\/\/girniukas.lt\/#website\"},\"datePublished\":\"2019-12-26T07:03:54+00:00\",\"dateModified\":\"2025-09-13T16:51:37+00:00\",\"breadcrumb\":{\"@id\":\"https:\/\/girniukas.lt\/paslaugos\/#breadcrumb\"},\"inLanguage\":\"en-US\",\"potentialAction\":[{\"@type\":\"ReadAction\",\"target\":[\"https:\/\/girniukas.lt\/paslaugos\/\"]}]},{\"@type\":\"BreadcrumbList\",\"@id\":\"https:\/\/girniukas.lt\/paslaugos\/#breadcrumb\",\"itemListElement\":[{\"@type\":\"ListItem\",\"position\":1,\"name\":\"Home\",\"item\":\"https:\/\/girniukas.lt\/\"},{\"@type\":\"ListItem\",\"position\":2,\"name\":\"Paslaugos\"}]},{\"@type\":\"WebSite\",\"@id\":\"https:\/\/girniukas.lt\/#website\",\"url\":\"https:\/\/girniukas.lt\/\",\"name\":\"Girniukas\",\"description\":\"Jojimo Mokykla ir \u017dirgynas Kurtuv\u0117nuose\",\"publisher\":{\"@id\":\"https:\/\/girniukas.lt\/#organization\"},\"potentialAction\":[{\"@type\":\"SearchAction\",\"target\":{\"@type\":\"EntryPoint\",\"urlTemplate\":\"https:\/\/girniukas.lt\/?s={search_term_string}\"},\"query-input\":\"required name=search_term_string\"}],\"inLanguage\":\"en-US\"},{\"@type\":\"Organization\",\"@id\":\"https:\/\/girniukas.lt\/#organization\",\"name\":\"Girniukas\",\"url\":\"https:\/\/girniukas.lt\/\",\"logo\":{\"@type\":\"ImageObject\",\"inLanguage\":\"en-US\",\"@id\":\"https:\/\/girniukas.lt\/#\/schema\/logo\/image\/\",\"url\":\"https:\/\/girniukas.lt\/wp-content\/uploads\/2023\/07\/cropped-cropped-Girniuko-logo2.png\",\"contentUrl\":\"https:\/\/girniukas.lt\/wp-content\/uploads\/2023\/07\/cropped-cropped-Girniuko-logo2.png\",\"width\":614,\"height\":526,\"caption\":\"Girniukas\"},\"image\":{\"@id\":\"https:\/\/girniukas.lt\/#\/schema\/logo\/image\/\"}}]}<\/script>\n<!-- \/ Yoast SEO Premium plugin. -->","yoast_head_json":{"title":"Paslaugos - Girniukas","robots":{"index":"index","follow":"follow","max-snippet":"max-snippet:-1","max-image-preview":"max-image-preview:large","max-video-preview":"max-video-preview:-1"},"canonical":"https:\/\/girniukas.lt\/en\/paslaugos\/","og_locale":"en_US","og_type":"article","og_title":"Paslaugos","og_description":"M\u016bs\u0173 Paslaugos Kurtuv\u0117n\u0173 dvaro \u017eirgyne \u012fsik\u016brusi jojimo mokykla \u201eGirniukas\u201c kvie\u010dia praleisti laisvalaik\u012f gamtos apsuptyje ir pasim\u0117gauti \u017eirg\u0173 draugija. Esame atviri lankytojams ir laukiame vis\u0173 \u2013 nuo pa\u010di\u0173 ma\u017eiausi\u0173, kurie \u010dia ne tik susipa\u017eins su \u017eirgais, bet ir gal\u0117s juos paglostyti, pamaitinti, pajodin\u0117ti, iki suaugusi\u0173j\u0173, norin\u010di\u0173 prisijaukinti \u017eirgus, pajusti jojimo d\u017eiaugsm\u0105. Jojimo mokykla \u201eGirniukas\u201c si\u016blo \u0161ias [&hellip;]","og_url":"https:\/\/girniukas.lt\/en\/paslaugos\/","og_site_name":"Girniukas","article_modified_time":"2025-09-13T16:51:37+00:00","twitter_card":"summary_large_image","twitter_misc":{"Est. reading time":"1 minute"},"schema":{"@context":"https:\/\/schema.org","@graph":[{"@type":"WebPage","@id":"https:\/\/girniukas.lt\/paslaugos\/","url":"https:\/\/girniukas.lt\/paslaugos\/","name":"Paslaugos - Girniukas","isPartOf":{"@id":"https:\/\/girniukas.lt\/#website"},"datePublished":"2019-12-26T07:03:54+00:00","dateModified":"2025-09-13T16:51:37+00:00","breadcrumb":{"@id":"https:\/\/girniukas.lt\/paslaugos\/#breadcrumb"},"inLanguage":"en-US","potentialAction":[{"@type":"ReadAction","target":["https:\/\/girniukas.lt\/paslaugos\/"]}]},{"@type":"BreadcrumbList","@id":"https:\/\/girniukas.lt\/paslaugos\/#breadcrumb","itemListElement":[{"@type":"ListItem","position":1,"name":"Home","item":"https:\/\/girniukas.lt\/"},{"@type":"ListItem","position":2,"name":"Paslaugos"}]},{"@type":"WebSite","@id":"https:\/\/girniukas.lt\/#website","url":"https:\/\/girniukas.lt\/","name":"Girniukas","description":"Jojimo Mokykla ir \u017dirgynas Kurtuv\u0117nuose","publisher":{"@id":"https:\/\/girniukas.lt\/#organization"},"potentialAction":[{"@type":"SearchAction","target":{"@type":"EntryPoint","urlTemplate":"https:\/\/girniukas.lt\/?s={search_term_string}"},"query-input":"required name=search_term_string"}],"inLanguage":"en-US"},{"@type":"Organization","@id":"https:\/\/girniukas.lt\/#organization","name":"Girniukas","url":"https:\/\/girniukas.lt\/","logo":{"@type":"ImageObject","inLanguage":"en-US","@id":"https:\/\/girniukas.lt\/#\/schema\/logo\/image\/","url":"https:\/\/girniukas.lt\/wp-content\/uploads\/2023\/07\/cropped-cropped-Girniuko-logo2.png","contentUrl":"https:\/\/girniukas.lt\/wp-content\/uploads\/2023\/07\/cropped-cropped-Girniuko-logo2.png","width":614,"height":526,"caption":"Girniukas"},"image":{"@id":"https:\/\/girniukas.lt\/#\/schema\/logo\/image\/"}}]}},"_links":{"self":[{"href":"https:\/\/girniukas.lt\/en\/wp-json\/wp\/v2\/pages\/369"}],"collection":[{"href":"https:\/\/girniukas.lt\/en\/wp-json\/wp\/v2\/pages"}],"about":[{"href":"https:\/\/girniukas.lt\/en\/wp-json\/wp\/v2\/types\/page"}],"author":[{"embeddable":true,"href":"https:\/\/girniukas.lt\/en\/wp-json\/wp\/v2\/users\/1"}],"replies":[{"embeddable":true,"href":"https:\/\/girniukas.lt\/en\/wp-json\/wp\/v2\/comments?post=369"}],"version-history":[{"count":52,"href":"https:\/\/girniukas.lt\/en\/wp-json\/wp\/v2\/pages\/369\/revisions"}],"predecessor-version":[{"id":1367,"href":"https:\/\/girniukas.lt\/en\/wp-json\/wp\/v2\/pages\/369\/revisions\/1367"}],"wp:attachment":[{"href":"https:\/\/girniukas.lt\/en\/wp-json\/wp\/v2\/media?parent=369"}],"curies":[{"name":"wp","href":"https:\/\/api.w.org\/{rel}","templated":true}]}}