{"id":370,"date":"2019-12-26T06:57:13","date_gmt":"2019-12-26T06:57:13","guid":{"rendered":"https:\/\/girniukas.lt\/index.php\/about\/"},"modified":"2025-07-03T05:49:03","modified_gmt":"2025-07-03T05:49:03","slug":"apie-mus","status":"publish","type":"page","link":"https:\/\/girniukas.lt\/en\/apie-mus\/","title":{"rendered":"About Us"},"content":{"rendered":"<div data-elementor-type=\"wp-page\" data-elementor-id=\"370\" class=\"elementor elementor-370\">\n\t\t\t\t\t\t\t\t\t<section class=\"elementor-section elementor-top-section elementor-element elementor-element-a80288e elementor-section-content-middle elementor-reverse-tablet elementor-reverse-mobile elementor-section-boxed elementor-section-height-default elementor-section-height-default\" data-id=\"a80288e\" data-element_type=\"section\">\n\t\t\t\t\t\t<div class=\"elementor-container elementor-column-gap-default\">\n\t\t\t\t\t<div class=\"aux-parallax-section elementor-column elementor-col-50 elementor-top-column elementor-element elementor-element-95439be\" data-id=\"95439be\" data-element_type=\"column\">\n\t\t\t<div class=\"elementor-widget-wrap elementor-element-populated\">\n\t\t\t\t\t\t\t\t<div class=\"elementor-element elementor-element-6f9d68e aux-appear-watch-animation aux-fade-in-up-1 elementor-widget elementor-widget-aux_modern_heading\" data-id=\"6f9d68e\" data-element_type=\"widget\" data-widget_type=\"aux_modern_heading.default\">\n\t\t\t\t<div class=\"elementor-widget-container\">\n\t\t\t<section class=\"aux-widget-modern-heading\">\n            <div class=\"aux-widget-inner\"><h2 class=\"aux-modern-heading-primary\">About us<\/h2><\/div>\n        <\/section>\t\t<\/div>\n\t\t\t\t<\/div>\n\t\t\t\t<div class=\"elementor-element elementor-element-e98b1de elementor-widget elementor-widget-text-editor\" data-id=\"e98b1de\" data-element_type=\"widget\" data-widget_type=\"text-editor.default\">\n\t\t\t\t<div class=\"elementor-widget-container\">\n\t\t\t<style>\/*! elementor - v3.14.0 - 26-06-2023 *\/\n.elementor-widget-text-editor.elementor-drop-cap-view-stacked .elementor-drop-cap{background-color:#69727d;color:#fff}.elementor-widget-text-editor.elementor-drop-cap-view-framed .elementor-drop-cap{color:#69727d;border:3px solid;background-color:transparent}.elementor-widget-text-editor:not(.elementor-drop-cap-view-default) .elementor-drop-cap{margin-top:8px}.elementor-widget-text-editor:not(.elementor-drop-cap-view-default) .elementor-drop-cap-letter{width:1em;height:1em}.elementor-widget-text-editor .elementor-drop-cap{float:left;text-align:center;line-height:1;font-size:50px}.elementor-widget-text-editor .elementor-drop-cap-letter{display:inline-block}<\/style>\t\t\t\t<p style=\"text-align: left;\">Riding school \"Girniukas\" started its activities in 2019. Its founders are physiotherapist, osteopath, horse enthusiast Deividas Petkus and riding trainer, one of the pioneers of endurance riding in Lithuania, Gra\u017eina Stugyt\u0117. <a href=\"https:\/\/girniukas.lt\/index.php\/musu-komanda\/\">Gra\u017eina Stugyt\u0117<\/a>\u00a0&#8211; Petkuvien\u0117.<\/p><p style=\"text-align: left;\">\u012esik\u016brusi netoli \u0160iauli\u0173, Jusai\u010di\u0173 kaime esan\u010diame \u017eirgyne, \u201eGirniuko\u201c jojimo mokykla \u0117m\u0117 kurti savo istorij\u0105, suburdama visus, kurie neabejingi \u017eirgams. Profesionali, ilgamat\u0119 patirt\u012f turinti trener\u0117 G. Petkuvien\u0117\u00a0ved\u0117 individualias ir grupines treniruotes \u012fvairaus am\u017eiaus \u017emon\u0117ms.<\/p><p style=\"text-align: left;\">When the quarantine started, the activities of the riding school had to be suspended, later the classes were held at the family farm. Although the infrastructure was not developed there, the founders of \"Girniukas\" did not give up - they were waiting for everyone, whether a person is just taming a horse or is determined to reach the heights of equestrian sports.<\/p><p style=\"text-align: left;\">From May 2023, \"Girniukas\" opened a new chapter in its life - it became the manager of the historical Kurtuv\u0117nai Manor stud farm. This step opened up new opportunities to expand our activities, to become a more important part of the Equestrian Sports Association, to become an open attraction of the Kurtuv\u0117nai Regional Park, and to promote tourism.<\/p><p style=\"text-align: left;\">The founders of \"Girniukas\" have always emphasized their riding school's most important <strong>purpose<\/strong> - to develop the rider, both his physical and spiritual preparation.<\/p><p style=\"text-align: left;\"><strong>Mission<\/strong> - \"Girniukas\" takes care of horses, is proud of horsemen, trains experienced and beginner riders. We strive to make equestrian sports understandable and accessible to everyone.<\/p><p style=\"text-align: left;\"><strong>Vision<\/strong> - \"We give ourselves to raise better people. We live by what we get, but we make life by what we give.\" V. Churchill<\/p><p style=\"text-align: left;\"><strong>Values<\/strong> \u2013 Experience, reliability and constant desire to improve.<\/p>\t\t\t\t\t\t<\/div>\n\t\t\t\t<\/div>\n\t\t\t\t<div class=\"elementor-element elementor-element-95367d4 aux-appear-watch-animation aux-fade-in-up-1 elementor-widget elementor-widget-aux_text\" data-id=\"95367d4\" data-element_type=\"widget\" data-widget_type=\"aux_text.default\">\n\t\t\t\t<div class=\"elementor-widget-container\">\n\t\t\t<section class=\"widget-container aux-widget-text aux-parent-au08247e82\">        <div class=\"aux-widget-advanced-text aux-wrap-style-simple aux-ico-pos-left aux-text-left aux-text-resp- aux-text-color-dark aux-text-widget-bg-center aux-text-no-content aux-text-padding-fix\" >\n        \n                            <div class=\"aux-text-widget-header\"  >\n                        <div class=\"aux-ico-box aux-ico-large aux-ico-shape-circle aux-ico-clear\">\n                                                            <span class=\"aux-ico auxicon auxicon-check\" > <\/span>\n                                                    <\/div>\n                <\/div>\n            \n            <div class=\"aux-text-inner aux-text-widget-content\">\n                                <h4 class=\"col-title\"><a href=\"https:\/\/girniukas.lt\/index.php\/musu-komanda\/\">Qualified trainers and instructors<\/a><\/h4>\n                            <\/div>\n        <\/div>\n                    <div class=\"aux-text-widget-footer\">\n                <div class=\"aux-border-shape-none\">\n                                <\/div>\n            <\/div>\n        \n<\/section><!-- widget-container -->\t\t<\/div>\n\t\t\t\t<\/div>\n\t\t\t\t<div class=\"elementor-element elementor-element-648bebc aux-appear-watch-animation aux-fade-in-up-1 elementor-widget elementor-widget-aux_text\" data-id=\"648bebc\" data-element_type=\"widget\" data-widget_type=\"aux_text.default\">\n\t\t\t\t<div class=\"elementor-widget-container\">\n\t\t\t<section class=\"widget-container aux-widget-text aux-parent-auf4318efe\">        <div class=\"aux-widget-advanced-text aux-wrap-style-simple aux-ico-pos-left aux-text-left aux-text-resp- aux-text-color-dark aux-text-widget-bg-center aux-text-no-content aux-text-padding-fix\" >\n        \n                            <div class=\"aux-text-widget-header\"  >\n                        <div class=\"aux-ico-box aux-ico-large aux-ico-shape-circle aux-ico-clear\">\n                                                            <span class=\"aux-ico auxicon auxicon-check\" > <\/span>\n                                                    <\/div>\n                <\/div>\n            \n            <div class=\"aux-text-inner aux-text-widget-content\">\n                                <h4 class=\"col-title\"><a href=\"https:\/\/girniukas.lt\/index.php\/paslaugos\/\">Various training and lesson options<\/a><\/h4>\n                            <\/div>\n        <\/div>\n                    <div class=\"aux-text-widget-footer\">\n                <div class=\"aux-border-shape-none\">\n                                <\/div>\n            <\/div>\n        \n<\/section><!-- widget-container -->\t\t<\/div>\n\t\t\t\t<\/div>\n\t\t\t\t<div class=\"elementor-element elementor-element-67fae63 aux-appear-watch-animation aux-fade-in-up-1 elementor-widget elementor-widget-aux_text\" data-id=\"67fae63\" data-element_type=\"widget\" data-widget_type=\"aux_text.default\">\n\t\t\t\t<div class=\"elementor-widget-container\">\n\t\t\t<section class=\"widget-container aux-widget-text aux-parent-aua615028a\">        <div class=\"aux-widget-advanced-text aux-wrap-style-simple aux-ico-pos-left aux-text-left aux-text-resp- aux-text-color-dark aux-text-widget-bg-center aux-text-no-content aux-text-padding-fix\" >\n        \n                            <div class=\"aux-text-widget-header\"  >\n                        <div class=\"aux-ico-box aux-ico-large aux-ico-shape-circle aux-ico-clear\">\n                                                            <span class=\"aux-ico auxicon auxicon-check\" > <\/span>\n                                                    <\/div>\n                <\/div>\n            \n            <div class=\"aux-text-inner aux-text-widget-content\">\n                                <h4 class=\"col-title\"><a href=\"https:\/\/girniukas.lt\/index.php\/paslaugos\/\">Excursions and outings<\/a><\/h4>\n                            <\/div>\n        <\/div>\n                    <div class=\"aux-text-widget-footer\">\n                <div class=\"aux-border-shape-none\">\n                                <\/div>\n            <\/div>\n        \n<\/section><!-- widget-container -->\t\t<\/div>\n\t\t\t\t<\/div>\n\t\t\t\t<div class=\"elementor-element elementor-element-cc5f543 aux-appear-watch-animation aux-fade-in-up-1 elementor-widget elementor-widget-aux_text\" data-id=\"cc5f543\" data-element_type=\"widget\" data-widget_type=\"aux_text.default\">\n\t\t\t\t<div class=\"elementor-widget-container\">\n\t\t\t<section class=\"widget-container aux-widget-text aux-parent-au4337db32\">        <div class=\"aux-widget-advanced-text aux-wrap-style-simple aux-ico-pos-left aux-text-left aux-text-resp- aux-text-color-dark aux-text-widget-bg-center aux-text-no-content aux-text-padding-fix\" >\n        \n                            <div class=\"aux-text-widget-header\"  >\n                        <div class=\"aux-ico-box aux-ico-large aux-ico-shape-circle aux-ico-clear\">\n                                                            <span class=\"aux-ico auxicon auxicon-check\" > <\/span>\n                                                    <\/div>\n                <\/div>\n            \n            <div class=\"aux-text-inner aux-text-widget-content\">\n                                <h4 class=\"col-title\"><a href=\"https:\/\/girniukas.lt\/index.php\/galerija\/\">Wonderful &amp; friendly community<\/a><\/h4>\n                            <\/div>\n        <\/div>\n                    <div class=\"aux-text-widget-footer\">\n                <div class=\"aux-border-shape-none\">\n                                <\/div>\n            <\/div>\n        \n<\/section><!-- widget-container -->\t\t<\/div>\n\t\t\t\t<\/div>\n\t\t\t\t\t<\/div>\n\t\t<\/div>\n\t\t\t\t<div class=\"aux-parallax-section elementor-column elementor-col-50 elementor-top-column elementor-element elementor-element-19cd0f9\" data-id=\"19cd0f9\" data-element_type=\"column\">\n\t\t\t<div class=\"elementor-widget-wrap elementor-element-populated\">\n\t\t\t\t\t\t\t\t<div class=\"elementor-element elementor-element-5578be6 aux-appear-watch-animation aux-scale-up-1 elementor-widget elementor-widget-aux_image\" data-id=\"5578be6\" data-element_type=\"widget\" data-widget_type=\"aux_image.default\">\n\t\t\t\t<div class=\"elementor-widget-container\">\n\t\t\t<section class=\"widget-container aux-widget-image aux-alignnone aux-parent-aucbcb08b3\">\n    <div class=\"aux-media-hint-frame\">\n        <div class=\"aux-media-image\" >\n        \n            \n\n            \n            <img decoding=\"async\" loading=\"lazy\" width=\"768\" height=\"768\" src=\"image\/gif;base64,R0lGODlhAQABAIAAAAAAAP\/\/\/yH5BAEAAAAALAAAAAABAAEAAAIBRAA7\" class=\"aux-attachment aux-featured-image aux-attachment-id-642 aux-preload aux-blank\" alt=\"73047032_2458361251115435_5199277230018002944_n\" data-ratio=\"1\" data-original-w=\"2048\" sizes=\"auto\" data-srcset=\"https:\/\/girniukas.lt\/wp-content\/uploads\/2023\/07\/73047032_2458361251115435_5199277230018002944_n-150x150.jpg 150w,https:\/\/girniukas.lt\/wp-content\/uploads\/2023\/07\/73047032_2458361251115435_5199277230018002944_n-300x300.jpg 300w,https:\/\/girniukas.lt\/wp-content\/uploads\/2023\/07\/73047032_2458361251115435_5199277230018002944_n-768x768.jpg 768w,https:\/\/girniukas.lt\/wp-content\/uploads\/2023\/07\/73047032_2458361251115435_5199277230018002944_n-1024x1024.jpg 1024w,https:\/\/girniukas.lt\/wp-content\/uploads\/2023\/07\/73047032_2458361251115435_5199277230018002944_n.jpg 768w\" data-src=\"https:\/\/girniukas.lt\/wp-content\/uploads\/2023\/07\/73047032_2458361251115435_5199277230018002944_n.jpg\" \/>            \n                <\/div>\n    <\/div>\n\n<\/section><!-- widget-container -->\t\t<\/div>\n\t\t\t\t<\/div>\n\t\t\t\t\t<\/div>\n\t\t<\/div>\n\t\t\t\t\t\t\t<\/div>\n\t\t<\/section>\n\t\t\t\t<section class=\"elementor-section elementor-top-section elementor-element elementor-element-08d9f94 elementor-section-boxed elementor-section-height-default elementor-section-height-default\" data-id=\"08d9f94\" data-element_type=\"section\">\n\t\t\t\t\t\t<div class=\"elementor-container elementor-column-gap-wider\">\n\t\t\t\t\t<div class=\"aux-parallax-section elementor-column elementor-col-100 elementor-top-column elementor-element elementor-element-4702d49\" data-id=\"4702d49\" data-element_type=\"column\">\n\t\t\t<div class=\"elementor-widget-wrap\">\n\t\t\t\t\t\t\t\t\t<\/div>\n\t\t<\/div>\n\t\t\t\t\t\t\t<\/div>\n\t\t<\/section>\n\t\t\t\t\t\t\t<\/div>","protected":false},"excerpt":{"rendered":"<p>APIE MUS Jojimo mokykla \u201eGirniukas\u201c veikl\u0105 prad\u0117jo 2019 metais. Jos \u012fk\u016br\u0117jai \u2013 kineziterapeutas, osteopatas, \u017eirg\u0173 entuziastas Deividas Petkus ir jojimo trener\u0117, viena i\u0161 i\u0161tverm\u0117s jojimo pradininki\u0173 Lietuvoje Gra\u017eina Stugyt\u0117\u00a0&#8211; Petkuvien\u0117. \u012esik\u016brusi netoli \u0160iauli\u0173, Jusai\u010di\u0173 kaime esan\u010diame \u017eirgyne, \u201eGirniuko\u201c jojimo mokykla \u0117m\u0117 kurti savo istorij\u0105, suburdama visus, kurie neabejingi \u017eirgams. Profesionali, ilgamat\u0119 patirt\u012f turinti trener\u0117 G. [&hellip;]<\/p>","protected":false},"author":1,"featured_media":0,"parent":0,"menu_order":0,"comment_status":"closed","ping_status":"closed","template":"templates\/page-builder-content.php","meta":{"_mi_skip_tracking":false,"_monsterinsights_sitenote_active":false,"_monsterinsights_sitenote_note":"","_monsterinsights_sitenote_category":0},"yoast_head":"<!-- This site is optimized with the Yoast SEO Premium plugin v20.10 (Yoast SEO v20.10) - https:\/\/yoast.com\/wordpress\/plugins\/seo\/ -->\n<title>Apie Mus | Girniukas<\/title>\n<meta name=\"description\" content=\"Apie mus - Jojimo mokykla, \u017eirgynas, hipoterapijos centras ir gyvojo \u017eirgo muziejus - \u201eGirniukas\u201c veikl\u0105 prad\u0117jo 2019 metais.\" \/>\n<meta name=\"robots\" content=\"index, follow, max-snippet:-1, max-image-preview:large, max-video-preview:-1\" \/>\n<link rel=\"canonical\" href=\"https:\/\/girniukas.lt\/en\/apie-mus\/\" \/>\n<meta property=\"og:locale\" content=\"en_US\" \/>\n<meta property=\"og:type\" content=\"article\" \/>\n<meta property=\"og:title\" content=\"Apie Mus\" \/>\n<meta property=\"og:description\" content=\"Apie mus - Jojimo mokykla, \u017eirgynas, hipoterapijos centras ir gyvojo \u017eirgo muziejus - \u201eGirniukas\u201c veikl\u0105 prad\u0117jo 2019 metais.\" \/>\n<meta property=\"og:url\" content=\"https:\/\/girniukas.lt\/en\/apie-mus\/\" \/>\n<meta property=\"og:site_name\" content=\"Girniukas\" \/>\n<meta property=\"article:modified_time\" content=\"2025-07-03T05:49:03+00:00\" \/>\n<meta name=\"twitter:card\" content=\"summary_large_image\" \/>\n<meta name=\"twitter:label1\" content=\"Est. reading time\" \/>\n\t<meta name=\"twitter:data1\" content=\"2 minutes\" \/>\n<script type=\"application\/ld+json\" class=\"yoast-schema-graph\">{\"@context\":\"https:\/\/schema.org\",\"@graph\":[{\"@type\":\"WebPage\",\"@id\":\"https:\/\/girniukas.lt\/apie-mus\/\",\"url\":\"https:\/\/girniukas.lt\/apie-mus\/\",\"name\":\"Apie Mus | Girniukas\",\"isPartOf\":{\"@id\":\"https:\/\/girniukas.lt\/#website\"},\"datePublished\":\"2019-12-26T06:57:13+00:00\",\"dateModified\":\"2025-07-03T05:49:03+00:00\",\"description\":\"Apie mus - Jojimo mokykla, \u017eirgynas, hipoterapijos centras ir gyvojo \u017eirgo muziejus - \u201eGirniukas\u201c veikl\u0105 prad\u0117jo 2019 metais.\",\"breadcrumb\":{\"@id\":\"https:\/\/girniukas.lt\/apie-mus\/#breadcrumb\"},\"inLanguage\":\"en-US\",\"potentialAction\":[{\"@type\":\"ReadAction\",\"target\":[\"https:\/\/girniukas.lt\/apie-mus\/\"]}]},{\"@type\":\"BreadcrumbList\",\"@id\":\"https:\/\/girniukas.lt\/apie-mus\/#breadcrumb\",\"itemListElement\":[{\"@type\":\"ListItem\",\"position\":1,\"name\":\"Home\",\"item\":\"https:\/\/girniukas.lt\/\"},{\"@type\":\"ListItem\",\"position\":2,\"name\":\"Apie Mus\"}]},{\"@type\":\"WebSite\",\"@id\":\"https:\/\/girniukas.lt\/#website\",\"url\":\"https:\/\/girniukas.lt\/\",\"name\":\"Girniukas\",\"description\":\"Jojimo Mokykla ir \u017dirgynas Kurtuv\u0117nuose\",\"publisher\":{\"@id\":\"https:\/\/girniukas.lt\/#organization\"},\"potentialAction\":[{\"@type\":\"SearchAction\",\"target\":{\"@type\":\"EntryPoint\",\"urlTemplate\":\"https:\/\/girniukas.lt\/?s={search_term_string}\"},\"query-input\":\"required name=search_term_string\"}],\"inLanguage\":\"en-US\"},{\"@type\":\"Organization\",\"@id\":\"https:\/\/girniukas.lt\/#organization\",\"name\":\"Girniukas\",\"url\":\"https:\/\/girniukas.lt\/\",\"logo\":{\"@type\":\"ImageObject\",\"inLanguage\":\"en-US\",\"@id\":\"https:\/\/girniukas.lt\/#\/schema\/logo\/image\/\",\"url\":\"https:\/\/girniukas.lt\/wp-content\/uploads\/2023\/07\/cropped-cropped-Girniuko-logo2.png\",\"contentUrl\":\"https:\/\/girniukas.lt\/wp-content\/uploads\/2023\/07\/cropped-cropped-Girniuko-logo2.png\",\"width\":614,\"height\":526,\"caption\":\"Girniukas\"},\"image\":{\"@id\":\"https:\/\/girniukas.lt\/#\/schema\/logo\/image\/\"}}]}<\/script>\n<!-- \/ Yoast SEO Premium plugin. -->","yoast_head_json":{"title":"Apie Mus | Girniukas","description":"Apie mus - Jojimo mokykla, \u017eirgynas, hipoterapijos centras ir gyvojo \u017eirgo muziejus - \u201eGirniukas\u201c veikl\u0105 prad\u0117jo 2019 metais.","robots":{"index":"index","follow":"follow","max-snippet":"max-snippet:-1","max-image-preview":"max-image-preview:large","max-video-preview":"max-video-preview:-1"},"canonical":"https:\/\/girniukas.lt\/en\/apie-mus\/","og_locale":"en_US","og_type":"article","og_title":"Apie Mus","og_description":"Apie mus - Jojimo mokykla, \u017eirgynas, hipoterapijos centras ir gyvojo \u017eirgo muziejus - \u201eGirniukas\u201c veikl\u0105 prad\u0117jo 2019 metais.","og_url":"https:\/\/girniukas.lt\/en\/apie-mus\/","og_site_name":"Girniukas","article_modified_time":"2025-07-03T05:49:03+00:00","twitter_card":"summary_large_image","twitter_misc":{"Est. reading time":"2 minutes"},"schema":{"@context":"https:\/\/schema.org","@graph":[{"@type":"WebPage","@id":"https:\/\/girniukas.lt\/apie-mus\/","url":"https:\/\/girniukas.lt\/apie-mus\/","name":"Apie Mus | Girniukas","isPartOf":{"@id":"https:\/\/girniukas.lt\/#website"},"datePublished":"2019-12-26T06:57:13+00:00","dateModified":"2025-07-03T05:49:03+00:00","description":"Apie mus - Jojimo mokykla, \u017eirgynas, hipoterapijos centras ir gyvojo \u017eirgo muziejus - \u201eGirniukas\u201c veikl\u0105 prad\u0117jo 2019 metais.","breadcrumb":{"@id":"https:\/\/girniukas.lt\/apie-mus\/#breadcrumb"},"inLanguage":"en-US","potentialAction":[{"@type":"ReadAction","target":["https:\/\/girniukas.lt\/apie-mus\/"]}]},{"@type":"BreadcrumbList","@id":"https:\/\/girniukas.lt\/apie-mus\/#breadcrumb","itemListElement":[{"@type":"ListItem","position":1,"name":"Home","item":"https:\/\/girniukas.lt\/"},{"@type":"ListItem","position":2,"name":"Apie Mus"}]},{"@type":"WebSite","@id":"https:\/\/girniukas.lt\/#website","url":"https:\/\/girniukas.lt\/","name":"Girniukas","description":"Jojimo Mokykla ir \u017dirgynas Kurtuv\u0117nuose","publisher":{"@id":"https:\/\/girniukas.lt\/#organization"},"potentialAction":[{"@type":"SearchAction","target":{"@type":"EntryPoint","urlTemplate":"https:\/\/girniukas.lt\/?s={search_term_string}"},"query-input":"required name=search_term_string"}],"inLanguage":"en-US"},{"@type":"Organization","@id":"https:\/\/girniukas.lt\/#organization","name":"Girniukas","url":"https:\/\/girniukas.lt\/","logo":{"@type":"ImageObject","inLanguage":"en-US","@id":"https:\/\/girniukas.lt\/#\/schema\/logo\/image\/","url":"https:\/\/girniukas.lt\/wp-content\/uploads\/2023\/07\/cropped-cropped-Girniuko-logo2.png","contentUrl":"https:\/\/girniukas.lt\/wp-content\/uploads\/2023\/07\/cropped-cropped-Girniuko-logo2.png","width":614,"height":526,"caption":"Girniukas"},"image":{"@id":"https:\/\/girniukas.lt\/#\/schema\/logo\/image\/"}}]}},"_links":{"self":[{"href":"https:\/\/girniukas.lt\/en\/wp-json\/wp\/v2\/pages\/370"}],"collection":[{"href":"https:\/\/girniukas.lt\/en\/wp-json\/wp\/v2\/pages"}],"about":[{"href":"https:\/\/girniukas.lt\/en\/wp-json\/wp\/v2\/types\/page"}],"author":[{"embeddable":true,"href":"https:\/\/girniukas.lt\/en\/wp-json\/wp\/v2\/users\/1"}],"replies":[{"embeddable":true,"href":"https:\/\/girniukas.lt\/en\/wp-json\/wp\/v2\/comments?post=370"}],"version-history":[{"count":68,"href":"https:\/\/girniukas.lt\/en\/wp-json\/wp\/v2\/pages\/370\/revisions"}],"predecessor-version":[{"id":1360,"href":"https:\/\/girniukas.lt\/en\/wp-json\/wp\/v2\/pages\/370\/revisions\/1360"}],"wp:attachment":[{"href":"https:\/\/girniukas.lt\/en\/wp-json\/wp\/v2\/media?parent=370"}],"curies":[{"name":"wp","href":"https:\/\/api.w.org\/{rel}","templated":true}]}}