{"id":848,"date":"2023-07-12T11:37:04","date_gmt":"2023-07-12T11:37:04","guid":{"rendered":"https:\/\/girniukas.lt\/?page_id=848"},"modified":"2025-09-10T16:48:24","modified_gmt":"2025-09-10T16:48:24","slug":"musu-komanda","status":"publish","type":"page","link":"https:\/\/girniukas.lt\/en\/musu-komanda\/","title":{"rendered":"Our Team"},"content":{"rendered":"<div data-elementor-type=\"wp-page\" data-elementor-id=\"848\" class=\"elementor elementor-848\">\n\t\t\t\t\t\t\t<div class=\"elementor-element elementor-element-0140441 e-grid e-con-full e-con\" data-id=\"0140441\" data-element_type=\"container\" data-settings=\"{&quot;content_width&quot;:&quot;full&quot;,&quot;grid_columns_grid&quot;:{&quot;unit&quot;:&quot;fr&quot;,&quot;size&quot;:4,&quot;sizes&quot;:[]},&quot;grid_columns_grid_tablet&quot;:{&quot;unit&quot;:&quot;custom&quot;,&quot;size&quot;:&quot;&quot;,&quot;sizes&quot;:[]},&quot;grid_columns_grid_mobile&quot;:{&quot;unit&quot;:&quot;custom&quot;,&quot;size&quot;:1,&quot;sizes&quot;:[]},&quot;grid_outline&quot;:&quot;yes&quot;,&quot;grid_rows_grid&quot;:{&quot;unit&quot;:&quot;fr&quot;,&quot;size&quot;:2,&quot;sizes&quot;:[]},&quot;grid_rows_grid_tablet&quot;:{&quot;unit&quot;:&quot;fr&quot;,&quot;size&quot;:&quot;&quot;,&quot;sizes&quot;:[]},&quot;grid_rows_grid_mobile&quot;:{&quot;unit&quot;:&quot;fr&quot;,&quot;size&quot;:&quot;&quot;,&quot;sizes&quot;:[]}}\">\n\t\t\t\t<div class=\"elementor-element elementor-element-74dd457 elementor-widget elementor-widget-image\" data-id=\"74dd457\" data-element_type=\"widget\" data-widget_type=\"image.default\">\n\t\t\t\t<div class=\"elementor-widget-container\">\n\t\t\t<style>\/*! elementor - v3.14.0 - 26-06-2023 *\/\n.elementor-widget-image{text-align:center}.elementor-widget-image a{display:inline-block}.elementor-widget-image a img[src$=\".svg\"]{width:48px}.elementor-widget-image img{vertical-align:middle;display:inline-block}<\/style>\t\t\t\t\t\t\t\t\t\t\t\t<img decoding=\"async\" src=\"https:\/\/girniukas.lt\/wp-content\/plugins\/elementor\/assets\/images\/placeholder.png\" title=\"\" alt=\"\" loading=\"lazy\" \/>\t\t\t\t\t\t\t\t\t\t\t\t\t\t\t<\/div>\n\t\t\t\t<\/div>\n\t\t\t\t<div class=\"elementor-element elementor-element-f0744e6 elementor-widget elementor-widget-text-editor\" data-id=\"f0744e6\" data-element_type=\"widget\" data-widget_type=\"text-editor.default\">\n\t\t\t\t<div class=\"elementor-widget-container\">\n\t\t\t<style>\/*! elementor - v3.14.0 - 26-06-2023 *\/\n.elementor-widget-text-editor.elementor-drop-cap-view-stacked .elementor-drop-cap{background-color:#69727d;color:#fff}.elementor-widget-text-editor.elementor-drop-cap-view-framed .elementor-drop-cap{color:#69727d;border:3px solid;background-color:transparent}.elementor-widget-text-editor:not(.elementor-drop-cap-view-default) .elementor-drop-cap{margin-top:8px}.elementor-widget-text-editor:not(.elementor-drop-cap-view-default) .elementor-drop-cap-letter{width:1em;height:1em}.elementor-widget-text-editor .elementor-drop-cap{float:left;text-align:center;line-height:1;font-size:50px}.elementor-widget-text-editor .elementor-drop-cap-letter{display:inline-block}<\/style>\t\t\t\t<h4><strong>Gra\u017eina Petkuvien\u0117<\/strong><\/h4>\n<p>A riding trainer with many years of experience, one of the pioneers of endurance riding in Lithuania.<\/p>\n<p>During her career, she won several awards in endurance riding, triathlon, and show jumping.<\/p>\n<p>In 2006, at the World Equestrian Games held in Aachen, G. Stugyt\u0117 took the 57th place with the Kabardian horse Sok. It was a historic achievement that no Lithuanian could improve for a long time.<\/p>\n<p>G.Petkuvien\u0117 yra baigusi \u017eirgininkyst\u0117s studijas.<\/p>\n<p>Jojimo mokykloje \u201eGirniukas\u201c G. Petkuvien\u0117 veda grupines ir individualias jojimo pamokas vaikams ir suaugusiesiems. Trener\u0117 dirba tiek su tais, kurie nori i\u0161mokti joti, prisijaukinti \u017eirg\u0105, tiek su \u017eirginio sporto entuziastais, ruo\u0161ia raitelius var\u017eyboms.<\/p>\n<p>Want to learn to ride? Interested in riding lessons? More information is available <a href=\"https:\/\/girniukas.lt\/index.php\/kontaktai\/\"><strong>here<\/strong><\/a>.<\/p>\t\t\t\t\t\t<\/div>\n\t\t\t\t<\/div>\n\t\t\t\t<div class=\"elementor-element elementor-element-a2e9247 elementor-widget elementor-widget-image\" data-id=\"a2e9247\" data-element_type=\"widget\" data-widget_type=\"image.default\">\n\t\t\t\t<div class=\"elementor-widget-container\">\n\t\t\t\t\t\t\t\t\t\t\t\t\t\t\t<img decoding=\"async\" src=\"https:\/\/girniukas.lt\/wp-content\/plugins\/elementor\/assets\/images\/placeholder.png\" title=\"\" alt=\"\" loading=\"lazy\" \/>\t\t\t\t\t\t\t\t\t\t\t\t\t\t\t<\/div>\n\t\t\t\t<\/div>\n\t\t\t\t<div class=\"elementor-element elementor-element-b9b1e31 elementor-widget elementor-widget-text-editor\" data-id=\"b9b1e31\" data-element_type=\"widget\" data-widget_type=\"text-editor.default\">\n\t\t\t\t<div class=\"elementor-widget-container\">\n\t\t\t\t\t\t\t<h4><strong>Deividas Petkus<\/strong><\/h4><p>Osteopatas, kineziterapeutas, hipoterapeutas, turinti daugiau kaip 17 met\u0173 darbo patirt\u012f gydomojo \/ terapinio jojimo srityje.\u00a0<\/p><p>Jojimo mokykloje \u201eGirniukas\u201c D.Petkus veda hipoterapijos u\u017esi\u0117mimus tiek vaikams, tiek suaugusiesiems.<\/p><p>Specialistas dirba su vaikais, kuriems nustatyta v\u0117luojanti raida, cerebrinis paraly\u017eius, autizmas, netaisyklinga laikysena, bei suaugusiaisiais, sergan\u010diais i\u0161s\u0117tine skleroze, depresija ir pan.<\/p><p>Interested in hippotherapy? Read more <a href=\"https:\/\/girniukas.lt\/index.php\/hipoterapija\/\"><strong>here<\/strong><\/a>.<\/p>\t\t\t\t\t\t<\/div>\n\t\t\t\t<\/div>\n\t\t\t\t<\/div>\n\t\t\t\t\t\t\t<\/div>","protected":false},"excerpt":{"rendered":"<p>Gra\u017eina Petkuvien\u0117 ilgamet\u0119 patirt\u012f turinti jojimo trener\u0117, viena i\u0161 i\u0161tverm\u0117s jojimo pradininki\u0173 Lietuvoje. Per savo karjer\u0105 ji i\u0161kovojo ne vien\u0105 apdovanojim\u0105 i\u0161tverm\u0117s jojimo, trikov\u0117s jojimo var\u017eybose, konk\u016bruose. 2006 metais Achene vykusiose Pasaulio \u017eirginio sporto \u017eaidyn\u0117se G. Stugyt\u0117 su kabardin\u0173 veisl\u0117s \u017eirgu Sok u\u017e\u0117m\u0117 57-\u0105j\u0105 viet\u0105. Tai buvo istorinis pasiekimas, kurio ilg\u0105 laik\u0105 nepavyko pagerinti n\u0117 [&hellip;]<\/p>","protected":false},"author":1,"featured_media":0,"parent":0,"menu_order":0,"comment_status":"closed","ping_status":"closed","template":"","meta":{"_mi_skip_tracking":false,"_monsterinsights_sitenote_active":false,"_monsterinsights_sitenote_note":"","_monsterinsights_sitenote_category":0},"yoast_head":"<!-- This site is optimized with the Yoast SEO Premium plugin v20.10 (Yoast SEO v20.10) - https:\/\/yoast.com\/wordpress\/plugins\/seo\/ -->\n<title>M\u016bs\u0173 Komanda - Girniukas<\/title>\n<meta name=\"robots\" content=\"index, follow, max-snippet:-1, max-image-preview:large, max-video-preview:-1\" \/>\n<link rel=\"canonical\" href=\"https:\/\/girniukas.lt\/en\/musu-komanda\/\" \/>\n<meta property=\"og:locale\" content=\"en_US\" \/>\n<meta property=\"og:type\" content=\"article\" \/>\n<meta property=\"og:title\" content=\"M\u016bs\u0173 Komanda\" \/>\n<meta property=\"og:description\" content=\"Gra\u017eina Petkuvien\u0117 ilgamet\u0119 patirt\u012f turinti jojimo trener\u0117, viena i\u0161 i\u0161tverm\u0117s jojimo pradininki\u0173 Lietuvoje. Per savo karjer\u0105 ji i\u0161kovojo ne vien\u0105 apdovanojim\u0105 i\u0161tverm\u0117s jojimo, trikov\u0117s jojimo var\u017eybose, konk\u016bruose. 2006 metais Achene vykusiose Pasaulio \u017eirginio sporto \u017eaidyn\u0117se G. Stugyt\u0117 su kabardin\u0173 veisl\u0117s \u017eirgu Sok u\u017e\u0117m\u0117 57-\u0105j\u0105 viet\u0105. Tai buvo istorinis pasiekimas, kurio ilg\u0105 laik\u0105 nepavyko pagerinti n\u0117 [&hellip;]\" \/>\n<meta property=\"og:url\" content=\"https:\/\/girniukas.lt\/en\/musu-komanda\/\" \/>\n<meta property=\"og:site_name\" content=\"Girniukas\" \/>\n<meta property=\"article:modified_time\" content=\"2025-09-10T16:48:24+00:00\" \/>\n<meta property=\"og:image\" content=\"https:\/\/girniukas.lt\/wp-content\/plugins\/elementor\/assets\/images\/placeholder.png\" \/>\n<meta name=\"twitter:card\" content=\"summary_large_image\" \/>\n<meta name=\"twitter:label1\" content=\"Est. reading time\" \/>\n\t<meta name=\"twitter:data1\" content=\"2 minutes\" \/>\n<script type=\"application\/ld+json\" class=\"yoast-schema-graph\">{\"@context\":\"https:\/\/schema.org\",\"@graph\":[{\"@type\":\"WebPage\",\"@id\":\"https:\/\/girniukas.lt\/musu-komanda\/\",\"url\":\"https:\/\/girniukas.lt\/musu-komanda\/\",\"name\":\"M\u016bs\u0173 Komanda - Girniukas\",\"isPartOf\":{\"@id\":\"https:\/\/girniukas.lt\/#website\"},\"datePublished\":\"2023-07-12T11:37:04+00:00\",\"dateModified\":\"2025-09-10T16:48:24+00:00\",\"breadcrumb\":{\"@id\":\"https:\/\/girniukas.lt\/musu-komanda\/#breadcrumb\"},\"inLanguage\":\"en-US\",\"potentialAction\":[{\"@type\":\"ReadAction\",\"target\":[\"https:\/\/girniukas.lt\/musu-komanda\/\"]}]},{\"@type\":\"BreadcrumbList\",\"@id\":\"https:\/\/girniukas.lt\/musu-komanda\/#breadcrumb\",\"itemListElement\":[{\"@type\":\"ListItem\",\"position\":1,\"name\":\"Home\",\"item\":\"https:\/\/girniukas.lt\/\"},{\"@type\":\"ListItem\",\"position\":2,\"name\":\"M\u016bs\u0173 Komanda\"}]},{\"@type\":\"WebSite\",\"@id\":\"https:\/\/girniukas.lt\/#website\",\"url\":\"https:\/\/girniukas.lt\/\",\"name\":\"Girniukas\",\"description\":\"Jojimo Mokykla ir \u017dirgynas Kurtuv\u0117nuose\",\"publisher\":{\"@id\":\"https:\/\/girniukas.lt\/#organization\"},\"potentialAction\":[{\"@type\":\"SearchAction\",\"target\":{\"@type\":\"EntryPoint\",\"urlTemplate\":\"https:\/\/girniukas.lt\/?s={search_term_string}\"},\"query-input\":\"required name=search_term_string\"}],\"inLanguage\":\"en-US\"},{\"@type\":\"Organization\",\"@id\":\"https:\/\/girniukas.lt\/#organization\",\"name\":\"Girniukas\",\"url\":\"https:\/\/girniukas.lt\/\",\"logo\":{\"@type\":\"ImageObject\",\"inLanguage\":\"en-US\",\"@id\":\"https:\/\/girniukas.lt\/#\/schema\/logo\/image\/\",\"url\":\"https:\/\/girniukas.lt\/wp-content\/uploads\/2023\/07\/cropped-cropped-Girniuko-logo2.png\",\"contentUrl\":\"https:\/\/girniukas.lt\/wp-content\/uploads\/2023\/07\/cropped-cropped-Girniuko-logo2.png\",\"width\":614,\"height\":526,\"caption\":\"Girniukas\"},\"image\":{\"@id\":\"https:\/\/girniukas.lt\/#\/schema\/logo\/image\/\"}}]}<\/script>\n<!-- \/ Yoast SEO Premium plugin. -->","yoast_head_json":{"title":"M\u016bs\u0173 Komanda - Girniukas","robots":{"index":"index","follow":"follow","max-snippet":"max-snippet:-1","max-image-preview":"max-image-preview:large","max-video-preview":"max-video-preview:-1"},"canonical":"https:\/\/girniukas.lt\/en\/musu-komanda\/","og_locale":"en_US","og_type":"article","og_title":"M\u016bs\u0173 Komanda","og_description":"Gra\u017eina Petkuvien\u0117 ilgamet\u0119 patirt\u012f turinti jojimo trener\u0117, viena i\u0161 i\u0161tverm\u0117s jojimo pradininki\u0173 Lietuvoje. Per savo karjer\u0105 ji i\u0161kovojo ne vien\u0105 apdovanojim\u0105 i\u0161tverm\u0117s jojimo, trikov\u0117s jojimo var\u017eybose, konk\u016bruose. 2006 metais Achene vykusiose Pasaulio \u017eirginio sporto \u017eaidyn\u0117se G. Stugyt\u0117 su kabardin\u0173 veisl\u0117s \u017eirgu Sok u\u017e\u0117m\u0117 57-\u0105j\u0105 viet\u0105. Tai buvo istorinis pasiekimas, kurio ilg\u0105 laik\u0105 nepavyko pagerinti n\u0117 [&hellip;]","og_url":"https:\/\/girniukas.lt\/en\/musu-komanda\/","og_site_name":"Girniukas","article_modified_time":"2025-09-10T16:48:24+00:00","og_image":[{"url":"https:\/\/girniukas.lt\/wp-content\/plugins\/elementor\/assets\/images\/placeholder.png"}],"twitter_card":"summary_large_image","twitter_misc":{"Est. reading time":"2 minutes"},"schema":{"@context":"https:\/\/schema.org","@graph":[{"@type":"WebPage","@id":"https:\/\/girniukas.lt\/musu-komanda\/","url":"https:\/\/girniukas.lt\/musu-komanda\/","name":"M\u016bs\u0173 Komanda - Girniukas","isPartOf":{"@id":"https:\/\/girniukas.lt\/#website"},"datePublished":"2023-07-12T11:37:04+00:00","dateModified":"2025-09-10T16:48:24+00:00","breadcrumb":{"@id":"https:\/\/girniukas.lt\/musu-komanda\/#breadcrumb"},"inLanguage":"en-US","potentialAction":[{"@type":"ReadAction","target":["https:\/\/girniukas.lt\/musu-komanda\/"]}]},{"@type":"BreadcrumbList","@id":"https:\/\/girniukas.lt\/musu-komanda\/#breadcrumb","itemListElement":[{"@type":"ListItem","position":1,"name":"Home","item":"https:\/\/girniukas.lt\/"},{"@type":"ListItem","position":2,"name":"M\u016bs\u0173 Komanda"}]},{"@type":"WebSite","@id":"https:\/\/girniukas.lt\/#website","url":"https:\/\/girniukas.lt\/","name":"Girniukas","description":"Jojimo Mokykla ir \u017dirgynas Kurtuv\u0117nuose","publisher":{"@id":"https:\/\/girniukas.lt\/#organization"},"potentialAction":[{"@type":"SearchAction","target":{"@type":"EntryPoint","urlTemplate":"https:\/\/girniukas.lt\/?s={search_term_string}"},"query-input":"required name=search_term_string"}],"inLanguage":"en-US"},{"@type":"Organization","@id":"https:\/\/girniukas.lt\/#organization","name":"Girniukas","url":"https:\/\/girniukas.lt\/","logo":{"@type":"ImageObject","inLanguage":"en-US","@id":"https:\/\/girniukas.lt\/#\/schema\/logo\/image\/","url":"https:\/\/girniukas.lt\/wp-content\/uploads\/2023\/07\/cropped-cropped-Girniuko-logo2.png","contentUrl":"https:\/\/girniukas.lt\/wp-content\/uploads\/2023\/07\/cropped-cropped-Girniuko-logo2.png","width":614,"height":526,"caption":"Girniukas"},"image":{"@id":"https:\/\/girniukas.lt\/#\/schema\/logo\/image\/"}}]}},"_links":{"self":[{"href":"https:\/\/girniukas.lt\/en\/wp-json\/wp\/v2\/pages\/848"}],"collection":[{"href":"https:\/\/girniukas.lt\/en\/wp-json\/wp\/v2\/pages"}],"about":[{"href":"https:\/\/girniukas.lt\/en\/wp-json\/wp\/v2\/types\/page"}],"author":[{"embeddable":true,"href":"https:\/\/girniukas.lt\/en\/wp-json\/wp\/v2\/users\/1"}],"replies":[{"embeddable":true,"href":"https:\/\/girniukas.lt\/en\/wp-json\/wp\/v2\/comments?post=848"}],"version-history":[{"count":37,"href":"https:\/\/girniukas.lt\/en\/wp-json\/wp\/v2\/pages\/848\/revisions"}],"predecessor-version":[{"id":1364,"href":"https:\/\/girniukas.lt\/en\/wp-json\/wp\/v2\/pages\/848\/revisions\/1364"}],"wp:attachment":[{"href":"https:\/\/girniukas.lt\/en\/wp-json\/wp\/v2\/media?parent=848"}],"curies":[{"name":"wp","href":"https:\/\/api.w.org\/{rel}","templated":true}]}}