{"id":863,"date":"2023-07-12T11:47:19","date_gmt":"2023-07-12T11:47:19","guid":{"rendered":"https:\/\/girniukas.lt\/?page_id=863"},"modified":"2023-07-14T11:03:41","modified_gmt":"2023-07-14T11:03:41","slug":"e-parduotuve","status":"publish","type":"page","link":"https:\/\/girniukas.lt\/en\/e-parduotuve\/","title":{"rendered":"E-Shop"},"content":{"rendered":"<div data-elementor-type=\"wp-page\" data-elementor-id=\"863\" class=\"elementor elementor-863\">\n\t\t\t\t\t\t\t<div class=\"elementor-element elementor-element-6963ea2 e-grid e-con-boxed e-con\" data-id=\"6963ea2\" data-element_type=\"container\" data-settings=\"{&quot;content_width&quot;:&quot;boxed&quot;,&quot;grid_outline&quot;:&quot;yes&quot;,&quot;grid_columns_grid&quot;:{&quot;unit&quot;:&quot;fr&quot;,&quot;size&quot;:3,&quot;sizes&quot;:[]},&quot;grid_columns_grid_tablet&quot;:{&quot;unit&quot;:&quot;fr&quot;,&quot;size&quot;:&quot;&quot;,&quot;sizes&quot;:[]},&quot;grid_columns_grid_mobile&quot;:{&quot;unit&quot;:&quot;fr&quot;,&quot;size&quot;:1,&quot;sizes&quot;:[]},&quot;grid_rows_grid&quot;:{&quot;unit&quot;:&quot;fr&quot;,&quot;size&quot;:2,&quot;sizes&quot;:[]},&quot;grid_rows_grid_tablet&quot;:{&quot;unit&quot;:&quot;fr&quot;,&quot;size&quot;:&quot;&quot;,&quot;sizes&quot;:[]},&quot;grid_rows_grid_mobile&quot;:{&quot;unit&quot;:&quot;fr&quot;,&quot;size&quot;:&quot;&quot;,&quot;sizes&quot;:[]}}\">\n\t\t\t\t\t<div class=\"e-con-inner\">\n\t\t\t\t\t<\/div>\n\t\t\t\t<\/div>\n\t\t\t\t\t\t\t<\/div>","protected":false},"excerpt":{"rendered":"","protected":false},"author":1,"featured_media":0,"parent":0,"menu_order":0,"comment_status":"closed","ping_status":"closed","template":"","meta":{"_mi_skip_tracking":false,"_monsterinsights_sitenote_active":false,"_monsterinsights_sitenote_note":"","_monsterinsights_sitenote_category":0},"yoast_head":"<!-- This site is optimized with the Yoast SEO Premium plugin v20.10 (Yoast SEO v20.10) - https:\/\/yoast.com\/wordpress\/plugins\/seo\/ -->\n<title>E-Parduotuv\u0117 | Girniukas<\/title>\n<meta name=\"description\" content=\"Girniukas E-Parduotuv\u0117! \u017dirg\u0173 myl\u0117tojams si\u016blome \u012fsigyti \u012fvairios Girniuko atributikos - apranga, lipdukai, \u017eaislai, dovan\u0173 kuponai ir kita.\" \/>\n<meta name=\"robots\" content=\"index, follow, max-snippet:-1, max-image-preview:large, max-video-preview:-1\" \/>\n<link rel=\"canonical\" href=\"https:\/\/girniukas.lt\/en\/e-parduotuve\/\" \/>\n<meta property=\"og:locale\" content=\"en_US\" \/>\n<meta property=\"og:type\" content=\"article\" \/>\n<meta property=\"og:title\" content=\"E-Parduotuv\u0117\" \/>\n<meta property=\"og:description\" content=\"Girniukas E-Parduotuv\u0117! \u017dirg\u0173 myl\u0117tojams si\u016blome \u012fsigyti \u012fvairios Girniuko atributikos - apranga, lipdukai, \u017eaislai, dovan\u0173 kuponai ir kita.\" \/>\n<meta property=\"og:url\" content=\"https:\/\/girniukas.lt\/en\/e-parduotuve\/\" \/>\n<meta property=\"og:site_name\" content=\"Girniukas\" \/>\n<meta property=\"article:modified_time\" content=\"2023-07-14T11:03:41+00:00\" \/>\n<meta name=\"twitter:card\" content=\"summary_large_image\" \/>\n<script type=\"application\/ld+json\" class=\"yoast-schema-graph\">{\"@context\":\"https:\/\/schema.org\",\"@graph\":[{\"@type\":\"WebPage\",\"@id\":\"https:\/\/girniukas.lt\/e-parduotuve\/\",\"url\":\"https:\/\/girniukas.lt\/e-parduotuve\/\",\"name\":\"E-Parduotuv\u0117 | Girniukas\",\"isPartOf\":{\"@id\":\"https:\/\/girniukas.lt\/#website\"},\"datePublished\":\"2023-07-12T11:47:19+00:00\",\"dateModified\":\"2023-07-14T11:03:41+00:00\",\"description\":\"Girniukas E-Parduotuv\u0117! \u017dirg\u0173 myl\u0117tojams si\u016blome \u012fsigyti \u012fvairios Girniuko atributikos - apranga, lipdukai, \u017eaislai, dovan\u0173 kuponai ir kita.\",\"breadcrumb\":{\"@id\":\"https:\/\/girniukas.lt\/e-parduotuve\/#breadcrumb\"},\"inLanguage\":\"en-US\",\"potentialAction\":[{\"@type\":\"ReadAction\",\"target\":[\"https:\/\/girniukas.lt\/e-parduotuve\/\"]}]},{\"@type\":\"BreadcrumbList\",\"@id\":\"https:\/\/girniukas.lt\/e-parduotuve\/#breadcrumb\",\"itemListElement\":[{\"@type\":\"ListItem\",\"position\":1,\"name\":\"Home\",\"item\":\"https:\/\/girniukas.lt\/\"},{\"@type\":\"ListItem\",\"position\":2,\"name\":\"E-Parduotuv\u0117\"}]},{\"@type\":\"WebSite\",\"@id\":\"https:\/\/girniukas.lt\/#website\",\"url\":\"https:\/\/girniukas.lt\/\",\"name\":\"Girniukas\",\"description\":\"Jojimo Mokykla ir \u017dirgynas Kurtuv\u0117nuose\",\"publisher\":{\"@id\":\"https:\/\/girniukas.lt\/#organization\"},\"potentialAction\":[{\"@type\":\"SearchAction\",\"target\":{\"@type\":\"EntryPoint\",\"urlTemplate\":\"https:\/\/girniukas.lt\/?s={search_term_string}\"},\"query-input\":\"required name=search_term_string\"}],\"inLanguage\":\"en-US\"},{\"@type\":\"Organization\",\"@id\":\"https:\/\/girniukas.lt\/#organization\",\"name\":\"Girniukas\",\"url\":\"https:\/\/girniukas.lt\/\",\"logo\":{\"@type\":\"ImageObject\",\"inLanguage\":\"en-US\",\"@id\":\"https:\/\/girniukas.lt\/#\/schema\/logo\/image\/\",\"url\":\"https:\/\/girniukas.lt\/wp-content\/uploads\/2023\/07\/cropped-cropped-Girniuko-logo2.png\",\"contentUrl\":\"https:\/\/girniukas.lt\/wp-content\/uploads\/2023\/07\/cropped-cropped-Girniuko-logo2.png\",\"width\":614,\"height\":526,\"caption\":\"Girniukas\"},\"image\":{\"@id\":\"https:\/\/girniukas.lt\/#\/schema\/logo\/image\/\"}}]}<\/script>\n<!-- \/ Yoast SEO Premium plugin. -->","yoast_head_json":{"title":"E-Parduotuv\u0117 | Girniukas","description":"Girniukas E-Parduotuv\u0117! \u017dirg\u0173 myl\u0117tojams si\u016blome \u012fsigyti \u012fvairios Girniuko atributikos - apranga, lipdukai, \u017eaislai, dovan\u0173 kuponai ir kita.","robots":{"index":"index","follow":"follow","max-snippet":"max-snippet:-1","max-image-preview":"max-image-preview:large","max-video-preview":"max-video-preview:-1"},"canonical":"https:\/\/girniukas.lt\/en\/e-parduotuve\/","og_locale":"en_US","og_type":"article","og_title":"E-Parduotuv\u0117","og_description":"Girniukas E-Parduotuv\u0117! \u017dirg\u0173 myl\u0117tojams si\u016blome \u012fsigyti \u012fvairios Girniuko atributikos - apranga, lipdukai, \u017eaislai, dovan\u0173 kuponai ir kita.","og_url":"https:\/\/girniukas.lt\/en\/e-parduotuve\/","og_site_name":"Girniukas","article_modified_time":"2023-07-14T11:03:41+00:00","twitter_card":"summary_large_image","schema":{"@context":"https:\/\/schema.org","@graph":[{"@type":"WebPage","@id":"https:\/\/girniukas.lt\/e-parduotuve\/","url":"https:\/\/girniukas.lt\/e-parduotuve\/","name":"E-Parduotuv\u0117 | Girniukas","isPartOf":{"@id":"https:\/\/girniukas.lt\/#website"},"datePublished":"2023-07-12T11:47:19+00:00","dateModified":"2023-07-14T11:03:41+00:00","description":"Girniukas E-Parduotuv\u0117! \u017dirg\u0173 myl\u0117tojams si\u016blome \u012fsigyti \u012fvairios Girniuko atributikos - apranga, lipdukai, \u017eaislai, dovan\u0173 kuponai ir kita.","breadcrumb":{"@id":"https:\/\/girniukas.lt\/e-parduotuve\/#breadcrumb"},"inLanguage":"en-US","potentialAction":[{"@type":"ReadAction","target":["https:\/\/girniukas.lt\/e-parduotuve\/"]}]},{"@type":"BreadcrumbList","@id":"https:\/\/girniukas.lt\/e-parduotuve\/#breadcrumb","itemListElement":[{"@type":"ListItem","position":1,"name":"Home","item":"https:\/\/girniukas.lt\/"},{"@type":"ListItem","position":2,"name":"E-Parduotuv\u0117"}]},{"@type":"WebSite","@id":"https:\/\/girniukas.lt\/#website","url":"https:\/\/girniukas.lt\/","name":"Girniukas","description":"Jojimo Mokykla ir \u017dirgynas Kurtuv\u0117nuose","publisher":{"@id":"https:\/\/girniukas.lt\/#organization"},"potentialAction":[{"@type":"SearchAction","target":{"@type":"EntryPoint","urlTemplate":"https:\/\/girniukas.lt\/?s={search_term_string}"},"query-input":"required name=search_term_string"}],"inLanguage":"en-US"},{"@type":"Organization","@id":"https:\/\/girniukas.lt\/#organization","name":"Girniukas","url":"https:\/\/girniukas.lt\/","logo":{"@type":"ImageObject","inLanguage":"en-US","@id":"https:\/\/girniukas.lt\/#\/schema\/logo\/image\/","url":"https:\/\/girniukas.lt\/wp-content\/uploads\/2023\/07\/cropped-cropped-Girniuko-logo2.png","contentUrl":"https:\/\/girniukas.lt\/wp-content\/uploads\/2023\/07\/cropped-cropped-Girniuko-logo2.png","width":614,"height":526,"caption":"Girniukas"},"image":{"@id":"https:\/\/girniukas.lt\/#\/schema\/logo\/image\/"}}]}},"_links":{"self":[{"href":"https:\/\/girniukas.lt\/en\/wp-json\/wp\/v2\/pages\/863"}],"collection":[{"href":"https:\/\/girniukas.lt\/en\/wp-json\/wp\/v2\/pages"}],"about":[{"href":"https:\/\/girniukas.lt\/en\/wp-json\/wp\/v2\/types\/page"}],"author":[{"embeddable":true,"href":"https:\/\/girniukas.lt\/en\/wp-json\/wp\/v2\/users\/1"}],"replies":[{"embeddable":true,"href":"https:\/\/girniukas.lt\/en\/wp-json\/wp\/v2\/comments?post=863"}],"version-history":[{"count":4,"href":"https:\/\/girniukas.lt\/en\/wp-json\/wp\/v2\/pages\/863\/revisions"}],"predecessor-version":[{"id":867,"href":"https:\/\/girniukas.lt\/en\/wp-json\/wp\/v2\/pages\/863\/revisions\/867"}],"wp:attachment":[{"href":"https:\/\/girniukas.lt\/en\/wp-json\/wp\/v2\/media?parent=863"}],"curies":[{"name":"wp","href":"https:\/\/api.w.org\/{rel}","templated":true}]}}